{"id":1215,"date":"2023-05-30T11:37:49","date_gmt":"2023-05-30T11:37:49","guid":{"rendered":"http:\/\/www.al-sistem.com\/?page_id=1215"},"modified":"2023-09-19T09:32:32","modified_gmt":"2023-09-19T09:32:32","slug":"medico-blok","status":"publish","type":"page","link":"http:\/\/www.al-sistem.com\/de\/medico-blok\/","title":{"rendered":"Medico Blok"},"content":{"rendered":"<div data-elementor-type=\"wp-page\" data-elementor-id=\"1215\" class=\"elementor elementor-1215\">\n\t\t\t\t<div class=\"elementor-element elementor-element-277cae7 e-con-full e-flex e-con e-parent\" data-id=\"277cae7\" data-element_type=\"container\" data-e-type=\"container\">\n\t\t<div class=\"elementor-element elementor-element-f952187 e-con-full e-flex e-con e-child\" data-id=\"f952187\" data-element_type=\"container\" data-e-type=\"container\" data-settings=\"{&quot;background_background&quot;:&quot;classic&quot;}\">\n\t\t\t\t<\/div>\n\t\t<div class=\"elementor-element elementor-element-a78564f e-con-full e-flex e-con e-child\" data-id=\"a78564f\" data-element_type=\"container\" data-e-type=\"container\">\n\t\t\t\t<div class=\"elementor-element elementor-element-5ad731c exad-sticky-section-no exad-glass-effect-no elementor-widget elementor-widget-heading\" data-id=\"5ad731c\" data-element_type=\"widget\" data-e-type=\"widget\" data-widget_type=\"heading.default\">\n\t\t\t\t<div class=\"elementor-widget-container\">\n\t\t\t\t\t<h2 class=\"elementor-heading-title elementor-size-default\">MEDICO BLOK<\/h2>\t\t\t\t<\/div>\n\t\t\t\t<\/div>\n\t\t\t\t<div class=\"elementor-element elementor-element-4fca4ea exad-sticky-section-no exad-glass-effect-no elementor-widget elementor-widget-text-editor\" data-id=\"4fca4ea\" data-element_type=\"widget\" data-e-type=\"widget\" data-widget_type=\"text-editor.default\">\n\t\t\t\t<div class=\"elementor-widget-container\">\n\t\t\t\t\t\t\t\t\t<p><strong>Verwendungszweck:\u00a0 \u00a0<\/strong>Wohn- und Gesch\u00e4ftsgeb\u00e4ude<\/p>\t\t\t\t\t\t\t\t<\/div>\n\t\t\t\t<\/div>\n\t\t\t\t<div class=\"elementor-element elementor-element-cc9205a elementor-widget-divider--view-line exad-sticky-section-no exad-glass-effect-no elementor-widget elementor-widget-divider\" data-id=\"cc9205a\" data-element_type=\"widget\" data-e-type=\"widget\" data-widget_type=\"divider.default\">\n\t\t\t\t<div class=\"elementor-widget-container\">\n\t\t\t\t\t\t\t<div class=\"elementor-divider\">\n\t\t\t<span class=\"elementor-divider-separator\">\n\t\t\t\t\t\t<\/span>\n\t\t<\/div>\n\t\t\t\t\t\t<\/div>\n\t\t\t\t<\/div>\n\t\t\t\t<div class=\"elementor-element elementor-element-795178e exad-sticky-section-no exad-glass-effect-no elementor-widget elementor-widget-text-editor\" data-id=\"795178e\" data-element_type=\"widget\" data-e-type=\"widget\" data-widget_type=\"text-editor.default\">\n\t\t\t\t<div class=\"elementor-widget-container\">\n\t\t\t\t\t\t\t\t\t<p><strong>Ort:\u00a0 \u00a0<\/strong>Belgrad, Serbien<\/p>\t\t\t\t\t\t\t\t<\/div>\n\t\t\t\t<\/div>\n\t\t\t\t<div class=\"elementor-element elementor-element-d4fe27f elementor-widget-divider--view-line exad-sticky-section-no exad-glass-effect-no elementor-widget elementor-widget-divider\" data-id=\"d4fe27f\" data-element_type=\"widget\" data-e-type=\"widget\" data-widget_type=\"divider.default\">\n\t\t\t\t<div class=\"elementor-widget-container\">\n\t\t\t\t\t\t\t<div class=\"elementor-divider\">\n\t\t\t<span class=\"elementor-divider-separator\">\n\t\t\t\t\t\t<\/span>\n\t\t<\/div>\n\t\t\t\t\t\t<\/div>\n\t\t\t\t<\/div>\n\t\t\t\t<div class=\"elementor-element elementor-element-8ddf209 exad-sticky-section-no exad-glass-effect-no elementor-widget elementor-widget-text-editor\" data-id=\"8ddf209\" data-element_type=\"widget\" data-e-type=\"widget\" data-widget_type=\"text-editor.default\">\n\t\t\t\t<div class=\"elementor-widget-container\">\n\t\t\t\t\t\t\t\t\t<p><strong>Jahr:\u00a0 \u00a0<\/strong>2021 &#8211; 2021<\/p>\t\t\t\t\t\t\t\t<\/div>\n\t\t\t\t<\/div>\n\t\t\t\t<div class=\"elementor-element elementor-element-487afa8 elementor-widget-divider--view-line exad-sticky-section-no exad-glass-effect-no elementor-widget elementor-widget-divider\" data-id=\"487afa8\" data-element_type=\"widget\" data-e-type=\"widget\" data-widget_type=\"divider.default\">\n\t\t\t\t<div class=\"elementor-widget-container\">\n\t\t\t\t\t\t\t<div class=\"elementor-divider\">\n\t\t\t<span class=\"elementor-divider-separator\">\n\t\t\t\t\t\t<\/span>\n\t\t<\/div>\n\t\t\t\t\t\t<\/div>\n\t\t\t\t<\/div>\n\t\t\t\t<div class=\"elementor-element elementor-element-b989594 exad-sticky-section-no exad-glass-effect-no elementor-widget elementor-widget-text-editor\" data-id=\"b989594\" data-element_type=\"widget\" data-e-type=\"widget\" data-widget_type=\"text-editor.default\">\n\t\t\t\t<div class=\"elementor-widget-container\">\n\t\t\t\t\t\t\t\t\t<p><strong>Investor:\u00a0 \u00a0<\/strong>Fu\u00dfballverein \"Roter Stern Belgrad\"<\/p>\t\t\t\t\t\t\t\t<\/div>\n\t\t\t\t<\/div>\n\t\t\t\t<div class=\"elementor-element elementor-element-11460e4 elementor-widget-divider--view-line exad-sticky-section-no exad-glass-effect-no elementor-widget elementor-widget-divider\" data-id=\"11460e4\" data-element_type=\"widget\" data-e-type=\"widget\" data-widget_type=\"divider.default\">\n\t\t\t\t<div class=\"elementor-widget-container\">\n\t\t\t\t\t\t\t<div class=\"elementor-divider\">\n\t\t\t<span class=\"elementor-divider-separator\">\n\t\t\t\t\t\t<\/span>\n\t\t<\/div>\n\t\t\t\t\t\t<\/div>\n\t\t\t\t<\/div>\n\t\t\t\t<\/div>\n\t\t\t\t<\/div>\n\t\t<div class=\"elementor-element elementor-element-c2e61d2 e-con-full e-flex e-con e-parent\" data-id=\"c2e61d2\" data-element_type=\"container\" data-e-type=\"container\">\n\t\t<div class=\"elementor-element elementor-element-268ea17 e-con-full e-flex e-con e-child\" data-id=\"268ea17\" data-element_type=\"container\" data-e-type=\"container\">\n\t\t\t\t<div class=\"elementor-element elementor-element-fa42837 exad-sticky-section-no exad-glass-effect-no elementor-widget elementor-widget-heading\" data-id=\"fa42837\" data-element_type=\"widget\" data-e-type=\"widget\" data-widget_type=\"heading.default\">\n\t\t\t\t<div class=\"elementor-widget-container\">\n\t\t\t\t\t<h2 class=\"elementor-heading-title elementor-size-default\">Es war uns eine gro\u00dfe Ehre, im Rahmen des \"Rajko Miti\u0107\"-Stadions in Zusammenarbeit mit dem Fu\u00dfballverein \"Roter Stern Belgrad\" die Fassadenarbeiten im neu errichteten Komplex durchzuf\u00fchren, der eine Art medizinisches Zentrum f\u00fcr die Spieler sein wird.<\/h2>\t\t\t\t<\/div>\n\t\t\t\t<\/div>\n\t\t\t\t<\/div>\n\t\t<div class=\"elementor-element elementor-element-52292c7 e-con-full e-flex e-con e-child\" data-id=\"52292c7\" data-element_type=\"container\" data-e-type=\"container\">\n\t\t\t\t<div class=\"elementor-element elementor-element-18a1c87 exad-sticky-section-no exad-glass-effect-no elementor-widget elementor-widget-image\" data-id=\"18a1c87\" data-element_type=\"widget\" data-e-type=\"widget\" data-widget_type=\"image.default\">\n\t\t\t\t<div class=\"elementor-widget-container\">\n\t\t\t\t\t\t\t\t\t\t\t\t\t\t\t<img fetchpriority=\"high\" decoding=\"async\" width=\"2560\" height=\"1920\" src=\"https:\/\/www.al-sistem.com\/wp-content\/uploads\/2023\/05\/IMG_20210719_095933-scaled.jpg\" class=\"attachment-full size-full wp-image-1221\" alt=\"\" srcset=\"https:\/\/www.al-sistem.com\/wp-content\/uploads\/2023\/05\/IMG_20210719_095933-scaled.jpg 2560w, https:\/\/www.al-sistem.com\/wp-content\/uploads\/2023\/05\/IMG_20210719_095933-300x225.jpg 300w, https:\/\/www.al-sistem.com\/wp-content\/uploads\/2023\/05\/IMG_20210719_095933-1024x768.jpg 1024w, https:\/\/www.al-sistem.com\/wp-content\/uploads\/2023\/05\/IMG_20210719_095933-768x576.jpg 768w, https:\/\/www.al-sistem.com\/wp-content\/uploads\/2023\/05\/IMG_20210719_095933-1536x1152.jpg 1536w, https:\/\/www.al-sistem.com\/wp-content\/uploads\/2023\/05\/IMG_20210719_095933-2048x1536.jpg 2048w, https:\/\/www.al-sistem.com\/wp-content\/uploads\/2023\/05\/IMG_20210719_095933-24x18.jpg 24w, https:\/\/www.al-sistem.com\/wp-content\/uploads\/2023\/05\/IMG_20210719_095933-36x27.jpg 36w, https:\/\/www.al-sistem.com\/wp-content\/uploads\/2023\/05\/IMG_20210719_095933-48x36.jpg 48w\" sizes=\"(max-width: 2560px) 100vw, 2560px\" \/>\t\t\t\t\t\t\t\t\t\t\t\t\t\t\t<\/div>\n\t\t\t\t<\/div>\n\t\t\t\t<\/div>\n\t\t\t\t<\/div>\n\t\t<div class=\"elementor-element elementor-element-60be780 e-con-full e-flex e-con e-parent\" data-id=\"60be780\" data-element_type=\"container\" data-e-type=\"container\">\n\t\t<div class=\"elementor-element elementor-element-5e5fb70 e-con-full e-flex e-con e-child\" data-id=\"5e5fb70\" data-element_type=\"container\" data-e-type=\"container\">\n\t\t\t\t<div class=\"elementor-element elementor-element-54e7a44 exad-sticky-section-no exad-glass-effect-no elementor-widget elementor-widget-image\" data-id=\"54e7a44\" data-element_type=\"widget\" data-e-type=\"widget\" data-widget_type=\"image.default\">\n\t\t\t\t<div class=\"elementor-widget-container\">\n\t\t\t\t\t\t\t\t\t\t\t\t\t\t\t<img decoding=\"async\" width=\"2560\" height=\"1920\" src=\"https:\/\/www.al-sistem.com\/wp-content\/uploads\/2023\/09\/IMG_20210719_100246-scaled.jpg\" class=\"attachment-full size-full wp-image-3254\" alt=\"\" srcset=\"https:\/\/www.al-sistem.com\/wp-content\/uploads\/2023\/09\/IMG_20210719_100246-scaled.jpg 2560w, https:\/\/www.al-sistem.com\/wp-content\/uploads\/2023\/09\/IMG_20210719_100246-300x225.jpg 300w, https:\/\/www.al-sistem.com\/wp-content\/uploads\/2023\/09\/IMG_20210719_100246-1024x768.jpg 1024w, https:\/\/www.al-sistem.com\/wp-content\/uploads\/2023\/09\/IMG_20210719_100246-768x576.jpg 768w, https:\/\/www.al-sistem.com\/wp-content\/uploads\/2023\/09\/IMG_20210719_100246-1536x1152.jpg 1536w, https:\/\/www.al-sistem.com\/wp-content\/uploads\/2023\/09\/IMG_20210719_100246-2048x1536.jpg 2048w, https:\/\/www.al-sistem.com\/wp-content\/uploads\/2023\/09\/IMG_20210719_100246-16x12.jpg 16w\" sizes=\"(max-width: 2560px) 100vw, 2560px\" \/>\t\t\t\t\t\t\t\t\t\t\t\t\t\t\t<\/div>\n\t\t\t\t<\/div>\n\t\t\t\t<\/div>\n\t\t<div class=\"elementor-element elementor-element-0ab7ec6 e-con-full e-flex e-con e-child\" data-id=\"0ab7ec6\" data-element_type=\"container\" data-e-type=\"container\">\n\t\t\t\t<div class=\"elementor-element elementor-element-dcf4e2c exad-sticky-section-no exad-glass-effect-no elementor-widget elementor-widget-image\" data-id=\"dcf4e2c\" data-element_type=\"widget\" data-e-type=\"widget\" data-widget_type=\"image.default\">\n\t\t\t\t<div class=\"elementor-widget-container\">\n\t\t\t\t\t\t\t\t\t\t\t\t\t\t\t<img decoding=\"async\" width=\"2560\" height=\"1920\" src=\"https:\/\/www.al-sistem.com\/wp-content\/uploads\/2023\/05\/IMG_20210719_095828-scaled.jpg\" class=\"attachment-full size-full wp-image-1222\" alt=\"\" srcset=\"https:\/\/www.al-sistem.com\/wp-content\/uploads\/2023\/05\/IMG_20210719_095828-scaled.jpg 2560w, https:\/\/www.al-sistem.com\/wp-content\/uploads\/2023\/05\/IMG_20210719_095828-300x225.jpg 300w, https:\/\/www.al-sistem.com\/wp-content\/uploads\/2023\/05\/IMG_20210719_095828-1024x768.jpg 1024w, https:\/\/www.al-sistem.com\/wp-content\/uploads\/2023\/05\/IMG_20210719_095828-768x576.jpg 768w, https:\/\/www.al-sistem.com\/wp-content\/uploads\/2023\/05\/IMG_20210719_095828-1536x1152.jpg 1536w, https:\/\/www.al-sistem.com\/wp-content\/uploads\/2023\/05\/IMG_20210719_095828-2048x1536.jpg 2048w, https:\/\/www.al-sistem.com\/wp-content\/uploads\/2023\/05\/IMG_20210719_095828-24x18.jpg 24w, https:\/\/www.al-sistem.com\/wp-content\/uploads\/2023\/05\/IMG_20210719_095828-36x27.jpg 36w, https:\/\/www.al-sistem.com\/wp-content\/uploads\/2023\/05\/IMG_20210719_095828-48x36.jpg 48w\" sizes=\"(max-width: 2560px) 100vw, 2560px\" \/>\t\t\t\t\t\t\t\t\t\t\t\t\t\t\t<\/div>\n\t\t\t\t<\/div>\n\t\t\t\t<\/div>\n\t\t\t\t<\/div>\n\t\t<div class=\"elementor-element elementor-element-73bc0f7 e-con-full e-flex e-con e-parent\" data-id=\"73bc0f7\" data-element_type=\"container\" data-e-type=\"container\">\n\t\t<div class=\"elementor-element elementor-element-55651d4 e-con-full e-flex e-con e-child\" data-id=\"55651d4\" data-element_type=\"container\" data-e-type=\"container\">\n\t\t\t\t<div class=\"elementor-element elementor-element-313f7b3 elementor-align-left elementor-mobile-align-center exad-sticky-section-no exad-glass-effect-no elementor-widget elementor-widget-button\" data-id=\"313f7b3\" data-element_type=\"widget\" data-e-type=\"widget\" data-widget_type=\"button.default\">\n\t\t\t\t<div class=\"elementor-widget-container\">\n\t\t\t\t\t\t\t\t\t<div class=\"elementor-button-wrapper\">\n\t\t\t\t\t<a class=\"elementor-button elementor-button-link elementor-size-sm\" href=\"http:\/\/www.al-sistem.com\/de\/ikea\/\">\n\t\t\t\t\t\t<span class=\"elementor-button-content-wrapper\">\n\t\t\t\t\t\t<span class=\"elementor-button-icon\">\n\t\t\t\t<svg aria-hidden=\"true\" class=\"e-font-icon-svg e-fas-arrow-left\" viewbox=\"0 0 448 512\" xmlns=\"http:\/\/www.w3.org\/2000\/svg\"><path d=\"M257.5 445.1l-22.2 22.2c-9.4 9.4-24.6 9.4-33.9 0L7 273c-9.4-9.4-9.4-24.6 0-33.9L201.4 44.7c9.4-9.4 24.6-9.4 33.9 0l22.2 22.2c9.5 9.5 9.3 25-.4 34.3L136.6 216H424c13.3 0 24 10.7 24 24v32c0 13.3-10.7 24-24 24H136.6l120.5 114.8c9.8 9.3 10 24.8.4 34.3z\"><\/path><\/svg>\t\t\t<\/span>\n\t\t\t\t\t\t\t\t\t<span class=\"elementor-button-text\">Vorheriges<\/span>\n\t\t\t\t\t<\/span>\n\t\t\t\t\t<\/a>\n\t\t\t\t<\/div>\n\t\t\t\t\t\t\t\t<\/div>\n\t\t\t\t<\/div>\n\t\t\t\t<\/div>\n\t\t<div class=\"elementor-element elementor-element-c0d6b1c e-con-full elementor-hidden-mobile e-flex e-con e-child\" data-id=\"c0d6b1c\" data-element_type=\"container\" data-e-type=\"container\">\n\t\t\t\t<\/div>\n\t\t<div class=\"elementor-element elementor-element-fe3602d e-con-full elementor-hidden-mobile e-flex e-con e-child\" data-id=\"fe3602d\" data-element_type=\"container\" data-e-type=\"container\">\n\t\t\t\t<\/div>\n\t\t<div class=\"elementor-element elementor-element-bb1c2d0 e-con-full e-flex e-con e-child\" data-id=\"bb1c2d0\" data-element_type=\"container\" data-e-type=\"container\">\n\t\t\t\t<div class=\"elementor-element elementor-element-3898253 elementor-align-right elementor-mobile-align-center exad-sticky-section-no exad-glass-effect-no elementor-widget elementor-widget-button\" data-id=\"3898253\" data-element_type=\"widget\" data-e-type=\"widget\" data-widget_type=\"button.default\">\n\t\t\t\t<div class=\"elementor-widget-container\">\n\t\t\t\t\t\t\t\t\t<div class=\"elementor-button-wrapper\">\n\t\t\t\t\t<a class=\"elementor-button elementor-button-link elementor-size-sm\" href=\"http:\/\/www.al-sistem.com\/de\/projekti\/naryn-campus\/\">\n\t\t\t\t\t\t<span class=\"elementor-button-content-wrapper\">\n\t\t\t\t\t\t<span class=\"elementor-button-icon\">\n\t\t\t\t<svg aria-hidden=\"true\" class=\"e-font-icon-svg e-fas-arrow-right\" viewbox=\"0 0 448 512\" xmlns=\"http:\/\/www.w3.org\/2000\/svg\"><path d=\"M190.5 66.9l22.2-22.2c9.4-9.4 24.6-9.4 33.9 0L441 239c9.4 9.4 9.4 24.6 0 33.9L246.6 467.3c-9.4 9.4-24.6 9.4-33.9 0l-22.2-22.2c-9.5-9.5-9.3-25 .4-34.3L311.4 296H24c-13.3 0-24-10.7-24-24v-32c0-13.3 10.7-24 24-24h287.4L190.9 101.2c-9.8-9.3-10-24.8-.4-34.3z\"><\/path><\/svg>\t\t\t<\/span>\n\t\t\t\t\t\t\t\t\t<span class=\"elementor-button-text\">N\u00e4chstes<\/span>\n\t\t\t\t\t<\/span>\n\t\t\t\t\t<\/a>\n\t\t\t\t<\/div>\n\t\t\t\t\t\t\t\t<\/div>\n\t\t\t\t<\/div>\n\t\t\t\t<\/div>\n\t\t\t\t<\/div>\n\t\t\t\t<\/div>","protected":false},"excerpt":{"rendered":"<p>MEDICO BLOK Namena:\u00a0 \u00a0Stambeno poslovni objekat Lokacija:\u00a0 \u00a0Beograd, Srbija Godina:\u00a0 \u00a02021 &#8211; 2021 Investitor:\u00a0 \u00a0Fudbalski klub ,,Crvena Zvezda&#8221; Bila nam je velika \u010dast da u okviru stadiona ,,Rajko Miti\u0107&#8221;, na \u010delu sa Fudbalskim klubom ,,Crvena Zvezda&#8221; izvodimo fasadne radove u okviru novoizgra\u0111enog kompleksa, koji \u0107e biti svojevrsni medicinski centar za igra\u010de. Prethodni Slede\u0107i<\/p>","protected":false},"author":1,"featured_media":0,"parent":0,"menu_order":0,"comment_status":"closed","ping_status":"closed","template":"elementor_header_footer","meta":{"site-sidebar-layout":"no-sidebar","site-content-layout":"page-builder","ast-site-content-layout":"default","site-content-style":"default","site-sidebar-style":"default","ast-global-header-display":"","ast-banner-title-visibility":"","ast-main-header-display":"","ast-hfb-above-header-display":"","ast-hfb-below-header-display":"","ast-hfb-mobile-header-display":"","site-post-title":"disabled","ast-breadcrumbs-content":"","ast-featured-img":"disabled","footer-sml-layout":"","ast-disable-related-posts":"","theme-transparent-header-meta":"","adv-header-id-meta":"","stick-header-meta":"","header-above-stick-meta":"","header-main-stick-meta":"","header-below-stick-meta":"","astra-migrate-meta-layouts":"default","ast-page-background-enabled":"default","ast-page-background-meta":{"desktop":{"background-color":"var(--ast-global-color-4)","background-image":"","background-repeat":"repeat","background-position":"center center","background-size":"auto","background-attachment":"scroll","background-type":"","background-media":"","overlay-type":"","overlay-color":"","overlay-opacity":"","overlay-gradient":""},"tablet":{"background-color":"","background-image":"","background-repeat":"repeat","background-position":"center center","background-size":"auto","background-attachment":"scroll","background-type":"","background-media":"","overlay-type":"","overlay-color":"","overlay-opacity":"","overlay-gradient":""},"mobile":{"background-color":"","background-image":"","background-repeat":"repeat","background-position":"center center","background-size":"auto","background-attachment":"scroll","background-type":"","background-media":"","overlay-type":"","overlay-color":"","overlay-opacity":"","overlay-gradient":""}},"ast-content-background-meta":{"desktop":{"background-color":"var(--ast-global-color-5)","background-image":"","background-repeat":"repeat","background-position":"center center","background-size":"auto","background-attachment":"scroll","background-type":"","background-media":"","overlay-type":"","overlay-color":"","overlay-opacity":"","overlay-gradient":""},"tablet":{"background-color":"var(--ast-global-color-5)","background-image":"","background-repeat":"repeat","background-position":"center center","background-size":"auto","background-attachment":"scroll","background-type":"","background-media":"","overlay-type":"","overlay-color":"","overlay-opacity":"","overlay-gradient":""},"mobile":{"background-color":"var(--ast-global-color-5)","background-image":"","background-repeat":"repeat","background-position":"center center","background-size":"auto","background-attachment":"scroll","background-type":"","background-media":"","overlay-type":"","overlay-color":"","overlay-opacity":"","overlay-gradient":""}},"footnotes":""},"class_list":["post-1215","page","type-page","status-publish","hentry"],"aioseo_notices":[],"_links":{"self":[{"href":"http:\/\/www.al-sistem.com\/de\/wp-json\/wp\/v2\/pages\/1215","targetHints":{"allow":["GET"]}}],"collection":[{"href":"http:\/\/www.al-sistem.com\/de\/wp-json\/wp\/v2\/pages"}],"about":[{"href":"http:\/\/www.al-sistem.com\/de\/wp-json\/wp\/v2\/types\/page"}],"author":[{"embeddable":true,"href":"http:\/\/www.al-sistem.com\/de\/wp-json\/wp\/v2\/users\/1"}],"replies":[{"embeddable":true,"href":"http:\/\/www.al-sistem.com\/de\/wp-json\/wp\/v2\/comments?post=1215"}],"version-history":[{"count":115,"href":"http:\/\/www.al-sistem.com\/de\/wp-json\/wp\/v2\/pages\/1215\/revisions"}],"predecessor-version":[{"id":4959,"href":"http:\/\/www.al-sistem.com\/de\/wp-json\/wp\/v2\/pages\/1215\/revisions\/4959"}],"wp:attachment":[{"href":"http:\/\/www.al-sistem.com\/de\/wp-json\/wp\/v2\/media?parent=1215"}],"curies":[{"name":"wp","href":"https:\/\/api.w.org\/{rel}","templated":true}]}}