{"id":1436,"date":"2023-06-03T12:57:33","date_gmt":"2023-06-03T12:57:33","guid":{"rendered":"http:\/\/www.al-sistem.com\/?page_id=1436"},"modified":"2024-03-29T13:45:01","modified_gmt":"2024-03-29T12:45:01","slug":"reference","status":"publish","type":"page","link":"http:\/\/www.al-sistem.com\/en\/reference\/","title":{"rendered":"REFERENCE"},"content":{"rendered":"<div data-elementor-type=\"wp-page\" data-elementor-id=\"1436\" class=\"elementor elementor-1436\">\n\t\t\t\t<div class=\"elementor-element elementor-element-d286b12 e-con-full e-flex e-con e-parent\" data-id=\"d286b12\" data-element_type=\"container\" data-e-type=\"container\" data-settings=\"{&quot;background_background&quot;:&quot;classic&quot;}\">\n\t\t\t\t<div class=\"elementor-element elementor-element-86c9107 exad-sticky-section-no exad-glass-effect-no elementor-widget elementor-widget-heading\" data-id=\"86c9107\" data-element_type=\"widget\" data-e-type=\"widget\" data-widget_type=\"heading.default\">\n\t\t\t\t<div class=\"elementor-widget-container\">\n\t\t\t\t\t<h2 class=\"elementor-heading-title elementor-size-default\">Our References<\/h2>\t\t\t\t<\/div>\n\t\t\t\t<\/div>\n\t\t\t\t<\/div>\n\t\t<div class=\"elementor-element elementor-element-ec40a80 e-flex e-con-boxed e-con e-parent\" data-id=\"ec40a80\" data-element_type=\"container\" data-e-type=\"container\">\n\t\t\t\t\t<div class=\"e-con-inner\">\n\t\t<div class=\"elementor-element elementor-element-c271d6a e-con-full e-flex e-con e-child\" data-id=\"c271d6a\" data-element_type=\"container\" data-e-type=\"container\">\n\t\t\t\t<div class=\"elementor-element elementor-element-95c6635 exad-sticky-section-no exad-glass-effect-no elementor-widget elementor-widget-text-editor\" data-id=\"95c6635\" data-element_type=\"widget\" data-e-type=\"widget\" data-widget_type=\"text-editor.default\">\n\t\t\t\t<div class=\"elementor-widget-container\">\n\t\t\t\t\t\t\t\t\t<ul><li><strong>STRABAG doo<\/strong><\/li><\/ul><p>Building: Plot 25, BW, Belgrade<\/p><ul><li><strong>GH HOLDING d.o.o.<\/strong><\/li><\/ul><p>Building: Reconstruction of the Clinical Center of Serbia, Belgrade<\/p><ul><li><strong>FOURELS ASSOCIATES, LLC<\/strong><\/li><\/ul><p>Building: Apartment complex, NY, Manhattan, US<\/p><ul><li><strong>BAF CONSTRUCTION<\/strong><\/li><\/ul><p>Building: Belgrade Tower, BW\u00a0<\/p><ul><li><strong>KARIN KOMERC<\/strong><\/li><\/ul><p>Building: Residential and commercial property \"Kopernikova\"\u00a0<\/p><ul><li><strong>KARIN KOMERC<\/strong><\/li><\/ul><p>Building: Residential and commercial property \"Kamenjar\"\u00a0<strong>\u00a0<\/strong><\/p><ul><li><strong>METAL EXPORT<\/strong><\/li><\/ul><p>Building: Residential and commercial property\u00a0<\/p><ul><li><strong>FENDOOR GmbH<\/strong><\/li><\/ul><p>Objekat: Vi\u0161e stambenih i poslovnih objekata, Sttutgart, Nema\u010dka<\/p><ul><li><strong>SEDAM JEZERA d.o.o Crvena Crkva<\/strong><\/li><\/ul><p>Building: Distillery \u2013 Crvena Crkva\u00a0 \u00a0 \u00a0 \u00a0 \u00a0 \u00a0 \u00a0 \u00a0 \u00a0 \u00a0 \u00a0 \u00a0 \u00a0<\/p><ul><li><strong>TANNERA TECHNOLOGIES DOO<\/strong><\/li><\/ul><p>Building: Office building, interior office partitions<\/p><ul><li><strong>HIP PETROHEMIJA a.d. Pan\u010devo.<\/strong><\/li><\/ul><p>Building: Laboratory - Pan\u010devo<\/p><ul><li><strong>HIP PETROHEMIJA a.d. Pan\u010devo.<\/strong><\/li><\/ul><p>Building: Electricity supply - Pan\u010devo<\/p><ul><li><strong>Club System int. Doo, Belgrade<\/strong><\/li><\/ul><p>Building: Business catering facility<\/p><ul><li><strong>Ceramic by Porcelanosa<\/strong><\/li><\/ul><p>Building: Business building, Resavska 1, Belgrade<\/p><ul><li><strong>Joksin\u017eenjering<\/strong><\/li><\/ul><p>Building: Internal office partitions - Gebruder Weiss, Belgrade<\/p><ul><li><strong>Paul Guran GmbH<\/strong><\/li><\/ul><p>Building: Commercial building, Kornwestheim \u2013 Stuttgart\u00a0<strong>\u00a0<\/strong><\/p><ul><li><strong>BeMaNa, Sweden<\/strong><\/li><\/ul><p>Building: Business facility, Sweden<\/p><ul><li><strong>PROVALVEST INVEST doo<\/strong><\/li><\/ul><p>Building: Residential office building, Kara\u0111or\u0111eva Street, Pan\u010devo<strong>\u00a0<\/strong><\/p><ul><li><strong>RENO AUTO PANTA d.o.o.<\/strong><\/li><\/ul><p>Building: AUTO SERVICE, Kara\u0111or\u0111eva Street 116a, Pan\u010devo<\/p><ul><li><strong>RENO SAVA d.o.o.<\/strong><\/li><\/ul><p>Building: AUTO SERVICE-reconstruction, Novoseljanski Put Street, Pan\u010devo<\/p><ul><li><strong>SZGR A1<\/strong><\/li><\/ul><p>Building: Residential-office building \u2013 Cara Uro\u0161a Street, Belgrade<\/p><ul><li><strong>FC Red Star<\/strong><\/li><\/ul><p>Building: Medico Bloc, Rajko Miti\u0107 Stadium, Belgrade<strong>\u00a0<\/strong><\/p><ul><li><strong>IBIS INSTRUMENTS<\/strong><\/li><\/ul><p>Building: Internal office partitions, Belgrade<\/p><ul><li><strong>Energoprojekt d.o.o.<\/strong><\/li><\/ul><p>Building: Residential-office building \u2013 PARK11, Belgrade<\/p><ul><li><strong>Tannera Technologies doo<\/strong><\/li><\/ul><p>Property: Commercial building, interior, office partitions, Belgrade<\/p><ul><li><strong>Penta Ge. Co. Construction<\/strong><\/li><\/ul><p>Building: Residential-office building \u2013 Square 43<\/p><ul><li><strong>Joksin\u017eenjering<\/strong><\/li><\/ul><p>Building: Residential office building, Dobropoljska Street, Belgrade<\/p><ul><li><strong>Joksin\u017eenjering<\/strong><\/li><\/ul><p>Building: British International School, Belgrade<\/p><ul><li><strong>KUTKO d.o.o.<\/strong><\/li><\/ul><p>Building: Kutko Apartments, Pan\u010devo<\/p><ul><li><strong>STRABAG d.o.o.<\/strong><\/li><\/ul><p>Building: Belgrade Waterfront, Plot 18<\/p><ul><li><strong>TONANTI D.O.O<\/strong><\/li><\/ul><p>Building: Hotel Slavija, Vrnja\u010dka Banja <strong>\u00a0\u00a0<\/strong><strong>\u00a0<\/strong><\/p><ul><li><strong>HIP PETROHEMIJA a.d. Pan\u010devo.<\/strong><\/li><\/ul><p>Building: Administrative building and laboratory -  ELEMIR<\/p><ul><li><strong>A-1 IN PERPETUUM d.o.o.<\/strong><\/li><\/ul><p>Building: Residential office building, Vojvode Brane Street, Belgrade<\/p><ul><li><strong>GRADINA<\/strong><\/li><\/ul><p>Building: SHOPPI RETAIL PARK, Smederevo<strong>\u00a0 \u00a0 \u00a0\u00a0<\/strong><\/p><ul><li><strong>JS&amp;O d.o.o, Novo Milo\u0161evo<\/strong><\/li><\/ul><p>Building: Industrial hall in Novo Milosevo<\/p><ul><li><strong>RASING d.o.o.<\/strong><\/li><\/ul><p>Building: Existing water treatment facility in Pavli\u0161, Vr\u0161ac<\/p><ul><li><strong>STRABAG<\/strong><\/li><\/ul><p>Building: IKEA, Belgrade\u00a0\u00a0 <strong>\u00a0\u00a0\u00a0\u00a0<\/strong><\/p><ul><li><strong>Paul Guran GmbH<\/strong><\/li><\/ul><p>Building: Residential-office building, Kornwestheim \u2013 Stuttgart\u00a0<\/p><ul><li><strong>Private Building<\/strong><\/li><\/ul><p>Building: VILLA at Tolstojeva Street, Dedinje, Belgrade<\/p><ul><li><strong>\u201eANEX GROUP\u201d<\/strong><\/li><\/ul><p>Building: \u201eLa Teniza\u201d caffe, Belgrade<strong>\u00a0<\/strong><\/p><ul><li><strong>\u201eRENO SAVA\u201d o.o.<\/strong><\/li><\/ul><p>Building: AUTO SERVICE, Novoseljanski Put Street, Pan\u010devo\u00a0\u00a0\u00a0\u00a0<\/p><ul><li><strong>\u201e\u010ce\u0161alj i Makaze\u201d d.o.o.<\/strong><\/li><\/ul><p>Building: Hair salon, IMMO Center, Belgrade<\/p><ul><li><strong>\u201eGP09 Invest Padina\u201d d.o.o.<\/strong><\/li><\/ul><p>Building: Residential office building, Vojvode Petra Bojovi\u0107a Street, Pancevo<strong>\u00a0<\/strong><\/p><ul><li><strong>\u201eSZ Gra\u0111evinska radnja A1\u201d, Belgrade<\/strong><\/li><\/ul><p>Building: Residential unit, Marka Ore\u0161kovi\u0107a Street, Belgrade<\/p><p>Building: Residential unit: Vojvode Brane Street, Belgrade<\/p><p>Building: Residential unit: Banjska Street, Belgrade<strong>\u00a0<\/strong><\/p><ul><li><strong>\u201eGRADINA\u201d d.o.o., Beograd<\/strong><\/li><\/ul><p>Building: Military Technical Institute, Katani\u0107eva Street, Belgrade<\/p><ul><li><strong>The University of Central Asia - (UCA) \u00a0\u00a0\u00a0\u00a0\u00a0\u00a0\u00a0\u00a0\u00a0\u00a0\u00a0<\/strong><\/li><\/ul><p>Building: Naryn Campus, Kyrgyzstan<\/p><ul><li><strong>\u201eEnergonigeria (Energoproject)\u201d<\/strong><\/li><\/ul><p>Building: Embassy of Serbia, Abuja, Nigeria<\/p><ul><li><strong>\u201eNova Gradnja\u201d, Padina<\/strong><\/li><\/ul><p>Building: Residential office building, Pan\u010devo<\/p><ul><li><strong>\u201eInstitut Tami\u0161\u201d, Pan\u010devo \u00a0 \u00a0 \u00a0\u00a0<\/strong><\/li><\/ul><ul><li><strong>Policlinic Dra\u0161kovi\u0107\u00a0 \u00a0 \u00a0 \u00a0 \u00a0\u00a0<\/strong><\/li><\/ul><ul><li><strong>May Tec, Dachau, Germany<\/strong><\/li><\/ul><p>Building: Porsche Leipzig <strong>\u00a0<\/strong><\/p><ul><li><strong>\u201eBOSCH\u201d Stuttgart, Germany<\/strong><\/li><\/ul><p>Building: Municipal hospital<\/p><ul><li><strong>Water Supply, Pan\u010devo \u00a0<\/strong><\/li><\/ul><ul><li><strong>\u201eFormaPharm Engineering Group\u201d<\/strong><\/li><\/ul><p>Building: NIARMEDIK \u2013 Pharmaceutical factory, Obninsk, Russia<\/p><p>Building: Administrative building, Vr\u0161ac<\/p><ul><li><strong>\u201eDeneza M In\u017eenjering\u201d<\/strong><\/li><\/ul><p>Building: Gas station, \u017darkovo 1, Belgrade<\/p><p>Building: Gas station, Belgrade <strong>\u00a0<\/strong><\/p><p>Building: Gas station, Trg Olobodjenja Street, Belgrade<\/p><p>Building: Gas station, Pan\u010deva\u010dki most, Krnja\u010da <strong>\u00a0<\/strong><\/p><ul><li><strong>\u201eMIG Intertrade\u201do.o.<\/strong><\/li><\/ul><p>Building: Residential office building, Dimitrija Tucovi\u0107a Street, Belgrade<\/p><ul><li><strong>\u201eRasing\u201d d.o.o. Vr\u0161ac<\/strong><\/li><\/ul><p>Building: DDOR Vrsac\u00a0\u00a0\u00a0\u00a0\u00a0<\/p><p>Building: Old Mill, Vr\u0161ac <strong>\u00a0<\/strong><\/p><p>Building: Production hall, Banatski Karlovci <strong>\u00a0<\/strong><\/p><ul><li><strong>\u201eG-TRAKTAT In\u017eenjering\u201d d.o.o. Belgrade<\/strong><\/li><\/ul><p>Building: Residential unit, Rtanjska street\u00a0\u00a0\u00a0\u00a0\u00a0\u00a0<\/p><ul><li><strong>\u201eFormaPharm Engineering Group\u201d<\/strong><\/li><\/ul><p>Building: Science and Technology Park  - Novi Sad<\/p><ul><li><strong>\u201eHotel MONA\u201d, Zlatibor \u00a0 \u00a0 \u00a0 \u00a0 \u00a0 \u00a0 \u00a0<\/strong><\/li><\/ul><ul><li><strong>\u201eBG Reklam\u201d o.o. Belgrade<\/strong><\/li><\/ul><p>Building: Production and administrative building, Belgrade <strong>\u00a0<\/strong><\/p><ul><li><strong>\u201eNIS\u201d a.d. Novi Sad<\/strong><\/li><\/ul><p>Building: Prefabrication Bloc, Pan\u010devo <strong>\u00a0<\/strong><\/p><p>Building: Power Plant<\/p><p>Building: Trafostation<\/p><ul><li><strong>\u201eAuto Centar Zoki\u201d, Pan\u010devo<\/strong><\/li><\/ul><p>Building: Office building<\/p><ul><li><strong>\u201eAuto Centar Zoki\u201d, Kova\u010dica \u00a0 \u00a0 \u00a0 \u00a0 \u00a0<\/strong><\/li><\/ul><p>Building: Office building<\/p><ul><li><strong>\u201eArmat In\u017eenjering\u201d d.o.o., Belgrade<\/strong><\/li><\/ul><p>Building: Production and administrative building, Ruma\u00a0 <strong>\u00a0<\/strong><\/p><ul><li><strong>\u201eGradina\u201do.o, Belgrade<\/strong><\/li><\/ul><p>Building: Residential unit, Velislava Vulovi\u0107a Street, Belgrade <strong>\u00a0<\/strong><\/p><ul><li><strong>\u201eNIS\u201d A.D. Novi Sad<\/strong><\/li><\/ul><p>Building: Prefabrication Bloc, Pan\u010devo, 2011. god<strong>. <\/strong><\/p><p>\u00a0Building: Prefabrication Bloc, Pan\u010devo, 2012. god<\/p><ul><li><strong>\u201eDeneza M In\u017eenjering\u201do.o. Belgrade<\/strong><\/li><\/ul><p>\u00a0Building: Science and Technology Park \u2013 Zvezdara<\/p><p>\u00a0Building:Sports and Recreational Center \"Milan Gale Mu\u0161katirovi\u0107''<\/p>\t\t\t\t\t\t\t\t<\/div>\n\t\t\t\t<\/div>\n\t\t\t\t<\/div>\n\t\t<div class=\"elementor-element elementor-element-e97840f e-con-full e-flex e-con e-child\" data-id=\"e97840f\" data-element_type=\"container\" data-e-type=\"container\">\n\t\t\t\t<div class=\"elementor-element elementor-element-9774e58 exad-sticky-section-no exad-glass-effect-no elementor-widget elementor-widget-text-editor\" data-id=\"9774e58\" data-element_type=\"widget\" data-e-type=\"widget\" data-widget_type=\"text-editor.default\">\n\t\t\t\t<div class=\"elementor-widget-container\">\n\t\t\t\t\t\t\t\t\t<ul>\n<li><strong>\u201eSquadra\u201do.o. Belgrade<\/strong><\/li>\n<\/ul>\n<p>Building: administrative building, Dobanovci<strong> &nbsp;<\/strong><\/p>\n<ul>\n<li><strong>\u201eBeta In\u017eenjering\u201do.o., Belgrade &nbsp;&nbsp;&nbsp;&nbsp;<\/strong><\/li>\n<\/ul>\n<p>Building: Direct Trade, distributive depot<strong>\u201c<\/strong><strong> &nbsp;<\/strong><\/p>\n<ul>\n<li><strong>\u201eTownhouse\u201d<\/strong><\/li>\n<\/ul>\n<p>Building: Hotel, Toplicin Venac 27 - Belgrade &nbsp;<\/p>\n<ul>\n<li><strong>Shopping mall \u201eDelta City\u201c \u2013 Belgrade and  \u201eDelta City\u201c Podgorica<\/strong><\/li>\n<\/ul>\n<p>\u201eCosta Caffee<strong>\u201d&nbsp; <\/strong><\/p>\n<p>\u201eNike\u201d<\/p>\n<p>\u201eSport Impuls\u201d<\/p>\n<p>\u201eMexx\u201d<\/p>\n<p>\u201eMassimo Dutti\u201d<\/p>\n<p>\u201eNew Yorker\u201d<\/p>\n<p>\u201eIana\u201d<\/p>\n<ul>\n<li><strong>\u201eStan Invest\u201d \u2013 Belgrade<\/strong><\/li>\n<\/ul>\n<p>Building: Residential office building, G. Vu\u010di\u0107a Street<\/p>\n<p>Building: Residential-office building. Franca Rozmana Street<\/p>\n<ul>\n<li><strong>\u201eValy\u201d \u2013 Valjevo<\/strong><\/li>\n<\/ul>\n<p>Building: sock\u2019s fabric, Belo\u0161evac<\/p>\n<ul>\n<li><strong>\u201eBeta Union\u201do.o. Belgrade<\/strong><\/li>\n<\/ul>\n<p>Building: \u201ePIO\u201c , Pan\u010devo<strong>&nbsp;&nbsp; <\/strong><\/p>\n<ul>\n<li><strong>\u201eMladost\u201d \u2013 Pan\u010devo<\/strong><\/li>\n<\/ul>\n<p>Building: Sport's Hall, Pan\u010devo<\/p>\n<ul>\n<li><strong>Hotel &#8211; Vila \u201eBreg\u201d, Vr\u0161ac &nbsp;&nbsp;&nbsp;&nbsp;&nbsp;&nbsp;&nbsp;&nbsp;&nbsp;&nbsp;&nbsp;&nbsp;&nbsp;&nbsp;&nbsp;&nbsp;&nbsp;&nbsp;&nbsp;&nbsp;&nbsp;&nbsp;&nbsp;&nbsp;&nbsp;&nbsp;&nbsp;&nbsp;&nbsp;&nbsp;&nbsp;&nbsp;&nbsp;&nbsp;&nbsp;&nbsp;&nbsp;&nbsp;&nbsp;&nbsp;&nbsp;&nbsp;&nbsp;&nbsp;&nbsp;&nbsp;<\/strong><\/li>\n<\/ul>\n<p>Building: Hotel and catering facility, Vr\u0161ac<\/p>\n<ul>\n<li><strong>SC Blue Bell Imp Exp SRL,Timisoara<\/strong><\/li>\n<\/ul>\n<p>Office building,Timisoara<\/p>\n<ul>\n<li><strong>\u201eHemofarm\u201d \u2013 Vr\u0161ac<\/strong><\/li>\n<\/ul>\n<p>Building: Printerhouse \u201eZannini\u201c<\/p>\n<p>Building: SPC \u201eMilenijum-tower\u201d<\/p>\n<p>Building: Pharmaceutic company, Banja Luka <strong>&nbsp;<\/strong><\/p>\n<p>Building: Residential building \u201eHemograd\u201d<\/p>\n<p>Building: Packing section<\/p>\n<p>Building: Bussines center<\/p>\n<p>Building: Adaptation old section<\/p>\n<p>Building: Restaurant \u201eM\u201d<\/p>\n<p>Building: Section \u201elyophilisates\u201d<\/p>\n<p>Building: Microbiological laboratory<\/p>\n<p>Building: Section \u201eAmpoules\u201d<\/p>\n<p>Building: high-bay warehouse<\/p>\n<p>Building: Factory solid forms<\/p>\n<p>Building: Central section<\/p>\n<p>Building: Mechanical and locksmith workshop<\/p>\n<p>Building: Foundation<\/p>\n<p>Building: Customs<\/p>\n<p>Building: Administrative building<strong>&nbsp;<\/strong><\/p>\n<ul>\n<li><strong>\u201eHemofarm In\u017eenjering\u201d<\/strong><\/li>\n<\/ul>\n<p>&nbsp;Building: Institute of Immunology - \u201eTorlak\" \u2013 Belgrade<\/p>\n<p>Building: Ampulno Offices<\/p>\n<p>Building: Microbiological control laboratory<\/p>\n<p>Building: Sterile Strip and LYOPHILISATE<\/p>\n<ul>\n<li><strong>\u201eHemofarm Koncern\u201d AD Vr\u0161ac<\/strong><\/li>\n<\/ul>\n<p>Objekat:&nbsp;&nbsp; Rekonstrukcija ulaznog hola<\/p>\n<ul>\n<li><strong>\u201eHemomont\u201d, Podgorica&nbsp; &nbsp;&nbsp;<\/strong><\/li>\n<\/ul>\n<p>Building: Administration building with production building<\/p>\n<ul>\n<li><strong>\u201eHemomed\u201d, Vr\u0161ac&nbsp;&nbsp;<\/strong><\/li>\n<\/ul>\n<p>Building: Production building<\/p>\n<ul>\n<li><strong>Horse Farm \u2013 \u201eBuli\u0107\u201d\u201d <\/strong><\/li>\n<\/ul>\n<p>Building: Office building<\/p>\n<ul>\n<li><strong>\u201eStan Invest\u201d<\/strong><\/li>\n<\/ul>\n<p>Building: office building, Mekenzijeva Street<\/p>\n<ul>\n<li><strong>Congress center - Vr\u0161ac<\/strong><\/li>\n<\/ul>\n<p>Building: Business building, Vr\u0161ac<\/p>\n<ul>\n<li><strong>Geology center - Podgorica<\/strong><\/li>\n<\/ul>\n<p>Building: Business building, Podgorica<\/p>\n<ul>\n<li><strong>Security Information Agency \u201eBIA\u201c, Belgrade<\/strong><\/li>\n<\/ul>\n<p>Building: Business building, Belgrade<\/p>\n<ul>\n<li><strong>\u201eRasing\u201d Vr\u0161ac<\/strong><\/li>\n<\/ul>\n<p>Building: Residential office building<\/p>\n<ul>\n<li><strong>\u201eStan Invest\u201d<\/strong><\/li>\n<\/ul>\n<p>Building: Residential office building - Herceg Novi <strong>&nbsp;<\/strong><\/p>\n<ul>\n<li><strong>\u201eLika promet\u201d<\/strong><\/li>\n<\/ul>\n<p>Building: exhibition pavilion, Belgrade<\/p>\n<ul>\n<li><strong>Institute for Mother and Child Health Care of Serbia - Belgrade<\/strong><\/li>\n<\/ul>\n<p>Building: Hospital building, Belgrade<\/p>\n<ul>\n<li><strong>Hypo bank branches in Belgrade<\/strong><\/li>\n<\/ul>\n<ul>\n<li><strong>\u201eStil mat\u201d<\/strong><\/li>\n<\/ul>\n<p>Building: Administrative building, Belgrade<\/p>\n<ul>\n<li><strong>\u201eToyota service\u201d Vr\u0161ac<\/strong><\/li>\n<\/ul>\n<p>Building: Administrative building, Belgrade<\/p>\n<ul>\n<li><strong>\u201ePanfarma\u201d Belgrade&nbsp; &nbsp; &nbsp; &nbsp;&nbsp;<\/strong><\/li>\n<\/ul>\n<p>Building: Section and administrative building<\/p>\n<ul>\n<li><strong>Basketball Home  - Vr\u0161ac<\/strong><\/li>\n<\/ul>\n<ul>\n<li><strong>Basketball Home  - Kovin<\/strong><\/li>\n<\/ul>\n<ul>\n<li><strong>,,Private Bank\" Belgrade &nbsp;&nbsp;&nbsp;&nbsp;&nbsp;&nbsp;&nbsp;&nbsp;&nbsp;&nbsp;&nbsp;&nbsp;&nbsp;&nbsp;&nbsp;<\/strong><\/li>\n<\/ul>\n<p>Residential building<\/p>\n<ul>\n<li><strong>\u201eGea\u201d Belgrade&nbsp; &nbsp; &nbsp; &nbsp;&nbsp;<\/strong><\/li>\n<\/ul>\n<p>Building: Office building with showroom<\/p>\n<ul>\n<li><strong>Sports business center  \u201eMilenijum\u201c - Vr\u0161ac<\/strong><\/li>\n<\/ul>\n<ul>\n<li><strong>Poslovni centar \u201eBahus\u201d&nbsp; Vr\u0161ac<\/strong><\/li>\n<\/ul>\n<ul>\n<li><strong>Ni Medic\u201c - Belgrade, distribution of medicines<\/strong><\/li>\n<\/ul>\n<ul>\n<li><strong>\u201e Elektrometal\u201d, Belgrade<\/strong><\/li>\n<\/ul>\n<p>Building: Office building<\/p>\n<ul>\n<li><strong>Milk factory - \u201eGranice\u201c Mladenovac<\/strong><\/li>\n<\/ul>\n<p>Building: Administrative building and production, Mladenovac<\/p>\n<ul>\n<li><strong>Residential building Jaijinci - Belgrade<\/strong><\/li>\n<\/ul>\n<ul>\n<li><strong>\u201eZorka Pharma\u201d \u0160abac<\/strong><\/li>\n<\/ul>\n<ul>\n<li><strong>Daily Telegraf  - Business center<\/strong><\/li>\n<\/ul>\n<ul>\n<li><strong>\u201eHIP Petrohemija\u201d, Pan\u010devo<\/strong><\/li>\n<\/ul>\n<p>Building: Office and production section, Pan\u010devo&nbsp;<\/p>\n<ul>\n<li><strong>Oil refinery Pan\u010devo<\/strong><\/li>\n<\/ul>\n<p>Building: Administrative building<\/p>\n<ul>\n<li><strong>\u201eDuga Sistem\u201d<\/strong><\/li>\n<\/ul>\n<p>Building: Office building<\/p>\n<ul>\n<li><strong>\u201eEnergodata\u201d<\/strong><\/li>\n<\/ul>\n<p>Objekat: Poslovna zgrada u Tr\u017eno&nbsp; poslovnom centru MERKATOR\u201d&nbsp;&nbsp;<\/p>\n<ul>\n<li><strong>Embassy of Canada - Belgrade<\/strong><\/li>\n<\/ul>\n<ul>\n<li><strong>\u201eSoko \u0160tark\u201d Belgrade<\/strong><\/li>\n<\/ul>\n<ul>\n<li><strong>\u201eCom Trade\u201d Belgrade<\/strong><\/li>\n<\/ul>\n<p><strong>&nbsp;<\/strong><\/p>\n<ul>\n<li><strong>\u201eUnigroup\u201d<\/strong><\/li>\n<\/ul>\n<p>Building: Administrative building \u2013 Belgrade<\/p>\n<ul>\n<li><strong>\u201eFerbild\u201d Belgrade<\/strong><\/li>\n<\/ul>\n<p>Building: Administrative building \u2013 Belgrade<\/p>\n<ul>\n<li><strong>\u201eAta\u0161e\u201c Belgrade<\/strong><\/li>\n<\/ul>\n<p>Building: Administrative building<\/p>\n<ul>\n<li><strong>\u201eGemax\u201c<\/strong><\/li>\n<\/ul>\n<p>Building: Villa complex \u201eMa\u010dkov kamen\u201c - Belgrade<\/p>\n<ul>\n<li><strong>Hypo bank \u2013 Belgrade<\/strong><\/li>\n<\/ul>\n<ul>\n<li><strong>Cultural center \u2013 Pan\u010devo<\/strong><\/li>\n<\/ul>\n<ul>\n<li><strong>Gas station \u201eAvia\u201c \u2013 Veternik, Novi Sad<\/strong><\/li>\n<\/ul>\n<ul>\n<li><strong>Verano Motors - Belgrade<\/strong><\/li>\n<\/ul>\n<ul>\n<li><strong>\u201eGemax\u201c \u2013 Belgrade<\/strong><\/li>\n<\/ul>\n<ul>\n<li><strong>\u201eDon Cafe\u201c &#8211; \u0160imanovci<\/strong><\/li>\n<\/ul>\n<ul>\n<li><strong>\u201eMomo Trade\u201c&nbsp;&nbsp;<\/strong><\/li>\n<\/ul>\n<p>Building: Frozen fruit warehouse, \u0160imanovci<\/p>\n<ul>\n<li><strong>Medical School - Pan\u010devo<\/strong><\/li>\n<\/ul>\n<ul>\n<li><strong>Health Centre - Jabuka<\/strong><\/li>\n<\/ul>\n<ul>\n<li><strong>\u201eSports hall\u201c \u2013 Alibunar<\/strong><\/li>\n<\/ul>\n<ul>\n<li><strong>\u201eSpringfield\u201c \u2013 Belgrade<\/strong><\/li>\n<\/ul>\n<ul>\n<li><strong>\u201eBeta in\u017eenjering\u201c, Belgrade<\/strong><\/li>\n<\/ul>\n<p>Building: Tennis tower - Srebrno jezero (Silver Lake)<\/p>\n<p>Building: Shopping center - Srebrno jezero (Silver Lake)<\/p>\n<p>Building: Clinical centre \u201eDr. Dragi\u0161a Mi\u0161ovi\u0107\u201c - Belgrade<\/p>\n<ul>\n<li><strong>Hotel \u201eZira\u201c \u2013 Belgrade, Ruzveltova<\/strong><\/li>\n<\/ul>\n<ul>\n<li><strong>Shopping center \u201e Zira\u201c \u2013 Belgrade<\/strong><\/li>\n<\/ul>\n<ul>\n<li><strong>Business center - Media \u2013 Group<\/strong><\/li>\n<\/ul>\n<ul>\n<li><strong>\u201eProjmetal\u201c AD Belgrade<\/strong><\/li>\n<\/ul>\n<p>Building: Section for water treatment, Indjija&nbsp;<\/p>\n<ul>\n<li><strong>\u201eLion-Belf\u201c<\/strong><\/li>\n<\/ul>\n<p>Building: Office building, Mekenzijeva Street<strong> &nbsp;&nbsp;&nbsp;&nbsp;&nbsp;&nbsp;&nbsp;&nbsp;&nbsp;&nbsp; <\/strong><\/p>\n<ul>\n<li><strong>\u201eBalkan Gradnja\u201c d.o.o. Belgrade<\/strong><\/li>\n<\/ul>\n<p>Building: \u201eClinic center\u201c - Belgrade<strong>&nbsp; &nbsp; &nbsp; &nbsp; &nbsp;<\/strong><strong>&nbsp;<\/strong><\/p>\n<ul>\n<li><strong>\u201eProjmetal\u201c AD Belgrade<\/strong><\/li>\n<\/ul>\n<p>Building: \u201eShopping center\u201c Zemun<strong>&nbsp;&nbsp;&nbsp;&nbsp;&nbsp; <\/strong><strong>&nbsp;<\/strong><\/p>\n<ul>\n<li><strong>Veterinary Medicine Institute Zemun - Zekstra<\/strong><\/li>\n<\/ul>\n<p>Building: Administrative building&nbsp; <strong>&nbsp;<\/strong><\/p>\n<ul>\n<li><strong>\u201eGTC\u201c Business Park d.o.o. Belgrade<\/strong><\/li>\n<\/ul>\n<p>Building: Residential office building, Bloc 19a<\/p>\n<ul>\n<li><strong>\u201eUna Igp\u201c AD, Kozarska Dubica<\/strong><\/li>\n<\/ul>\n<p>Building: \u201eSonik\u201c and \u201eStend\u201c, Banja Luka<\/p>\n<ul>\n<li><strong>Restoran \u201eDijalog\u201c \u2013 Podgorica<\/strong><\/li>\n<\/ul>\t\t\t\t\t\t\t\t<\/div>\n\t\t\t\t<\/div>\n\t\t\t\t<\/div>\n\t\t\t\t\t<\/div>\n\t\t\t\t<\/div>\n\t\t\t\t<\/div>","protected":false},"excerpt":{"rendered":"<p>Na\u0161e Reference STRABAG doo Objekat: Plot 25, BW, Beograd GH HOLDING d.o.o. Objekat: Rekonstrukcija Klini\u010dkog Centra Srbije, Beograd FOURELS ASSOCIATES, LLC Objekat: Apartmanski kompleks, NY, Manhattan, US BAF CONSTRUCTION Objekat: Kula Beograd, BW\u00a0 KARIN KOMERC Objekat: Stambeno-poslovni objekat ,,Kopernikova&#8221;\u00a0 KARIN KOMERC Objekat: Stambeno-poslovni objekat ,,Kamenjar&#8221;\u00a0\u00a0 METAL EXPORT Objekat: Stambeno-poslovni objekat\u00a0 FENDOOR GmbH Objekat: Vi\u0161e stambenih [&hellip;]<\/p>\n","protected":false},"author":1,"featured_media":0,"parent":0,"menu_order":0,"comment_status":"closed","ping_status":"closed","template":"","meta":{"site-sidebar-layout":"no-sidebar","site-content-layout":"page-builder","ast-site-content-layout":"default","site-content-style":"default","site-sidebar-style":"default","ast-global-header-display":"","ast-banner-title-visibility":"","ast-main-header-display":"","ast-hfb-above-header-display":"","ast-hfb-below-header-display":"","ast-hfb-mobile-header-display":"","site-post-title":"disabled","ast-breadcrumbs-content":"","ast-featured-img":"disabled","footer-sml-layout":"","ast-disable-related-posts":"","theme-transparent-header-meta":"","adv-header-id-meta":"","stick-header-meta":"","header-above-stick-meta":"","header-main-stick-meta":"","header-below-stick-meta":"","astra-migrate-meta-layouts":"default","ast-page-background-enabled":"default","ast-page-background-meta":{"desktop":{"background-color":"var(--ast-global-color-4)","background-image":"","background-repeat":"repeat","background-position":"center center","background-size":"auto","background-attachment":"scroll","background-type":"","background-media":"","overlay-type":"","overlay-color":"","overlay-opacity":"","overlay-gradient":""},"tablet":{"background-color":"","background-image":"","background-repeat":"repeat","background-position":"center center","background-size":"auto","background-attachment":"scroll","background-type":"","background-media":"","overlay-type":"","overlay-color":"","overlay-opacity":"","overlay-gradient":""},"mobile":{"background-color":"","background-image":"","background-repeat":"repeat","background-position":"center center","background-size":"auto","background-attachment":"scroll","background-type":"","background-media":"","overlay-type":"","overlay-color":"","overlay-opacity":"","overlay-gradient":""}},"ast-content-background-meta":{"desktop":{"background-color":"var(--ast-global-color-5)","background-image":"","background-repeat":"repeat","background-position":"center center","background-size":"auto","background-attachment":"scroll","background-type":"","background-media":"","overlay-type":"","overlay-color":"","overlay-opacity":"","overlay-gradient":""},"tablet":{"background-color":"var(--ast-global-color-5)","background-image":"","background-repeat":"repeat","background-position":"center center","background-size":"auto","background-attachment":"scroll","background-type":"","background-media":"","overlay-type":"","overlay-color":"","overlay-opacity":"","overlay-gradient":""},"mobile":{"background-color":"var(--ast-global-color-5)","background-image":"","background-repeat":"repeat","background-position":"center center","background-size":"auto","background-attachment":"scroll","background-type":"","background-media":"","overlay-type":"","overlay-color":"","overlay-opacity":"","overlay-gradient":""}},"footnotes":""},"class_list":["post-1436","page","type-page","status-publish","hentry"],"aioseo_notices":[],"_links":{"self":[{"href":"http:\/\/www.al-sistem.com\/en\/wp-json\/wp\/v2\/pages\/1436","targetHints":{"allow":["GET"]}}],"collection":[{"href":"http:\/\/www.al-sistem.com\/en\/wp-json\/wp\/v2\/pages"}],"about":[{"href":"http:\/\/www.al-sistem.com\/en\/wp-json\/wp\/v2\/types\/page"}],"author":[{"embeddable":true,"href":"http:\/\/www.al-sistem.com\/en\/wp-json\/wp\/v2\/users\/1"}],"replies":[{"embeddable":true,"href":"http:\/\/www.al-sistem.com\/en\/wp-json\/wp\/v2\/comments?post=1436"}],"version-history":[{"count":131,"href":"http:\/\/www.al-sistem.com\/en\/wp-json\/wp\/v2\/pages\/1436\/revisions"}],"predecessor-version":[{"id":5056,"href":"http:\/\/www.al-sistem.com\/en\/wp-json\/wp\/v2\/pages\/1436\/revisions\/5056"}],"wp:attachment":[{"href":"http:\/\/www.al-sistem.com\/en\/wp-json\/wp\/v2\/media?parent=1436"}],"curies":[{"name":"wp","href":"https:\/\/api.w.org\/{rel}","templated":true}]}}