{"id":2402,"date":"2023-08-26T08:12:41","date_gmt":"2023-08-26T08:12:41","guid":{"rendered":"http:\/\/www.al-sistem.com\/?page_id=2402"},"modified":"2023-09-15T10:33:27","modified_gmt":"2023-09-15T10:33:27","slug":"kontakt","status":"publish","type":"page","link":"http:\/\/www.al-sistem.com\/en\/kontakt\/","title":{"rendered":"CONTACT"},"content":{"rendered":"\t\t<div data-elementor-type=\"wp-page\" data-elementor-id=\"2402\" class=\"elementor elementor-2402\">\n\t\t\t\t<div class=\"elementor-element elementor-element-400fa6e e-con-full e-flex e-con e-parent\" data-id=\"400fa6e\" data-element_type=\"container\" data-e-type=\"container\">\n\t\t<div class=\"elementor-element elementor-element-03741ec e-con-full elementor-hidden-mobile e-flex e-con e-child\" data-id=\"03741ec\" data-element_type=\"container\" data-e-type=\"container\" data-settings=\"{&quot;background_background&quot;:&quot;classic&quot;}\">\n\t\t\t\t<div class=\"elementor-element elementor-element-b36024a exad-sticky-section-no exad-glass-effect-no elementor-widget elementor-widget-image\" data-id=\"b36024a\" data-element_type=\"widget\" data-e-type=\"widget\" data-widget_type=\"image.default\">\n\t\t\t\t<div class=\"elementor-widget-container\">\n\t\t\t\t\t\t\t\t\t\t\t\t\t\t\t<img fetchpriority=\"high\" decoding=\"async\" width=\"1112\" height=\"1160\" src=\"http:\/\/www.al-sistem.com\/wp-content\/uploads\/2023\/05\/UDC_80_SI_m_Office-copy.jpg\" class=\"attachment-full size-full wp-image-185\" alt=\"\" srcset=\"http:\/\/www.al-sistem.com\/wp-content\/uploads\/2023\/05\/UDC_80_SI_m_Office-copy.jpg 1112w, http:\/\/www.al-sistem.com\/wp-content\/uploads\/2023\/05\/UDC_80_SI_m_Office-copy-288x300.jpg 288w, http:\/\/www.al-sistem.com\/wp-content\/uploads\/2023\/05\/UDC_80_SI_m_Office-copy-982x1024.jpg 982w, http:\/\/www.al-sistem.com\/wp-content\/uploads\/2023\/05\/UDC_80_SI_m_Office-copy-768x801.jpg 768w, http:\/\/www.al-sistem.com\/wp-content\/uploads\/2023\/05\/UDC_80_SI_m_Office-copy-24x24.jpg 24w, http:\/\/www.al-sistem.com\/wp-content\/uploads\/2023\/05\/UDC_80_SI_m_Office-copy-46x48.jpg 46w\" sizes=\"(max-width: 1112px) 100vw, 1112px\" \/>\t\t\t\t\t\t\t\t\t\t\t\t\t\t\t<\/div>\n\t\t\t\t<\/div>\n\t\t\t\t<div class=\"elementor-element elementor-element-9510f87 exad-sticky-section-no exad-glass-effect-no elementor-widget elementor-widget-text-editor\" data-id=\"9510f87\" data-element_type=\"widget\" data-e-type=\"widget\" data-widget_type=\"text-editor.default\">\n\t\t\t\t<div class=\"elementor-widget-container\">\n\t\t\t\t\t\t\t\t\t<p><strong>Adresa:<\/strong><\/p><p>Kneza Mihajla Obrenovi\u0107a 10 a<br class=\"wixui-rich-text__text\" \/>Pan\u010devo, 26000\u00a0<\/p><p>\u00a0<\/p><div id=\"bgMedia_comp-kt1ec2gz\" class=\"VgO9Yg\"><strong>Kontakti:<\/strong><\/div><div><strong>Mob:\u00a0<\/strong>+381 62 218 299<\/div><div><strong>Tel:\u00a0 \u00a0\u00a0<\/strong>+381 13 233 25 04<\/div><div><strong>Email:\u00a0<\/strong><a href=\"mailto:office@al-sistem.com\">office@al-sistem.com<\/a><\/div>\t\t\t\t\t\t\t\t<\/div>\n\t\t\t\t<\/div>\n\t\t\t\t<\/div>\n\t\t<div class=\"elementor-element elementor-element-56fbb9a e-con-full e-flex e-con e-child\" data-id=\"56fbb9a\" data-element_type=\"container\" data-e-type=\"container\" data-settings=\"{&quot;background_background&quot;:&quot;classic&quot;}\">\n\t\t\t\t<div class=\"elementor-element elementor-element-82a44a7 elementor-widget__width-initial exad-sticky-section-no exad-glass-effect-no elementor-widget elementor-widget-wpforms\" data-id=\"82a44a7\" data-element_type=\"widget\" data-e-type=\"widget\" data-widget_type=\"wpforms.default\">\n\t\t\t\t<div class=\"elementor-widget-container\">\n\t\t\t\t\t<style id=\"wpforms-css-vars-elementor-widget-82a44a7\">\n\t\t\t\t.elementor-widget-wpforms.elementor-element-82a44a7 {\n\t\t\t\t--wpforms-field-border-radius: 10px;\n\t\t\t}\n\t\t\t<\/style><div class=\"wpforms-container wpforms-container-full wpforms-render-modern\" id=\"wpforms-4787\"><form id=\"wpforms-form-4787\" class=\"wpforms-validate wpforms-form wpforms-ajax-form\" data-formid=\"4787\" method=\"post\" enctype=\"multipart\/form-data\" action=\"\/en\/wp-json\/wp\/v2\/pages\/2402\" data-token=\"d72fff96d7c5c0898fe6a39726923cec\" data-token-time=\"1777502476\"><noscript class=\"wpforms-error-noscript\">Please enable JavaScript in your browser to complete this form.<\/noscript><div id=\"wpforms-error-noscript\" style=\"display: none;\">Please enable JavaScript in your browser to complete this form.<\/div><div class=\"wpforms-field-container\"><div id=\"wpforms-4787-field_0-container\" class=\"wpforms-field wpforms-field-name\" data-field-id=\"0\"><label class=\"wpforms-field-label\" for=\"wpforms-4787-field_0\">Va\u0161e Ime <span class=\"wpforms-required-label\" aria-hidden=\"true\">*<\/span><\/label><input type=\"text\" id=\"wpforms-4787-field_0\" class=\"wpforms-field-medium wpforms-field-required\" name=\"wpforms[fields][0]\" aria-errormessage=\"wpforms-4787-field_0-error\" required><\/div><div id=\"wpforms-4787-field_1-container\" class=\"wpforms-field wpforms-field-email\" data-field-id=\"1\"><label class=\"wpforms-field-label\" for=\"wpforms-4787-field_1\">Va\u0161a Email Adresa <span class=\"wpforms-required-label\" aria-hidden=\"true\">*<\/span><\/label><input type=\"email\" id=\"wpforms-4787-field_1\" class=\"wpforms-field-medium wpforms-field-required\" name=\"wpforms[fields][1]\" spellcheck=\"false\" aria-errormessage=\"wpforms-4787-field_1-error\" required><\/div><div id=\"wpforms-4787-field_2-container\" class=\"wpforms-field wpforms-field-textarea\" data-field-id=\"2\"><label class=\"wpforms-field-label\" for=\"wpforms-4787-field_2\">Va\u0161a Poruka <span class=\"wpforms-required-label\" aria-hidden=\"true\">*<\/span><\/label><textarea id=\"wpforms-4787-field_2\" class=\"wpforms-field-medium wpforms-field-required\" name=\"wpforms[fields][2]\" aria-errormessage=\"wpforms-4787-field_2-error\" required><\/textarea><\/div><\/div><!-- .wpforms-field-container --><div class=\"wpforms-recaptcha-container wpforms-is-recaptcha wpforms-is-recaptcha-type-v2\" ><div class=\"g-recaptcha\" data-sitekey=\"6LdZ8DMoAAAAAI1FcJ-OEKBHdpp1l0YVMVYRIkTv\"><\/div><input type=\"text\" name=\"g-recaptcha-hidden\" class=\"wpforms-recaptcha-hidden\" style=\"position:absolute!important;clip:rect(0,0,0,0)!important;height:1px!important;width:1px!important;border:0!important;overflow:hidden!important;padding:0!important;margin:0!important;\" data-rule-recaptcha=\"1\"><\/div><div class=\"wpforms-submit-container\" ><input type=\"hidden\" name=\"wpforms[id]\" value=\"4787\"><input type=\"hidden\" name=\"page_title\" value=\"\"><input type=\"hidden\" name=\"page_url\" value=\"http:\/\/www.al-sistem.com\/en\/wp-json\/wp\/v2\/pages\/2402\"><input type=\"hidden\" name=\"url_referer\" value=\"\"><button type=\"submit\" name=\"wpforms[submit]\" id=\"wpforms-submit-4787\" class=\"wpforms-submit\" data-alt-text=\"Slanje...\" data-submit-text=\"Poslati\" aria-live=\"assertive\" value=\"wpforms-submit\">Poslati<\/button><img decoding=\"async\" src=\"http:\/\/www.al-sistem.com\/wp-content\/plugins\/wpforms-lite\/assets\/images\/submit-spin.svg\" class=\"wpforms-submit-spinner\" style=\"display: none;\" width=\"26\" height=\"26\" alt=\"Loading\"><\/div><\/form><\/div>  <!-- .wpforms-container -->\t\t\t\t<\/div>\n\t\t\t\t<\/div>\n\t\t\t\t<\/div>\n\t\t\t\t<\/div>\n\t\t<div class=\"elementor-element elementor-element-a590add e-con-full e-flex e-con e-parent\" data-id=\"a590add\" data-element_type=\"container\" data-e-type=\"container\">\n\t\t\t\t<div class=\"elementor-element elementor-element-0e78832 exad-sticky-section-no exad-glass-effect-no elementor-widget elementor-widget-google_maps\" data-id=\"0e78832\" data-element_type=\"widget\" data-e-type=\"widget\" data-widget_type=\"google_maps.default\">\n\t\t\t\t<div class=\"elementor-widget-container\">\n\t\t\t\t\t\t\t<div class=\"elementor-custom-embed\">\n\t\t\t<iframe loading=\"lazy\"\n\t\t\t\t\tsrc=\"https:\/\/maps.google.com\/maps?q=AL%20SISTEM%2C%20%D0%9A%D0%BD%D0%B5%D0%B7%D0%B0%20%D0%9C%D0%B8%D1%85%D0%B0%D0%B8%D0%BB%D0%B0%20%D0%9E%D0%B1%D1%80%D0%B5%D0%BD%D0%BE%D0%B2%D0%B8%D1%9B%D0%B0%2C%20%D0%9F%D0%B0%D0%BD%D1%87%D0%B5%D0%B2%D0%BE%2C%20%D0%A1%D1%80%D0%B1%D0%B8%D1%98%D0%B0&#038;t=m&#038;z=14&#038;output=embed&#038;iwloc=near\"\n\t\t\t\t\ttitle=\"AL SISTEM, \u041a\u043d\u0435\u0437\u0430 \u041c\u0438\u0445\u0430\u0438\u043b\u0430 \u041e\u0431\u0440\u0435\u043d\u043e\u0432\u0438\u045b\u0430, \u041f\u0430\u043d\u0447\u0435\u0432\u043e, \u0421\u0440\u0431\u0438\u0458\u0430\"\n\t\t\t\t\taria-label=\"AL SISTEM, \u041a\u043d\u0435\u0437\u0430 \u041c\u0438\u0445\u0430\u0438\u043b\u0430 \u041e\u0431\u0440\u0435\u043d\u043e\u0432\u0438\u045b\u0430, \u041f\u0430\u043d\u0447\u0435\u0432\u043e, \u0421\u0440\u0431\u0438\u0458\u0430\"\n\t\t\t><\/iframe>\n\t\t<\/div>\n\t\t\t\t\t\t<\/div>\n\t\t\t\t<\/div>\n\t\t\t\t<\/div>\n\t\t\t\t<\/div>\n\t\t","protected":false},"excerpt":{"rendered":"<p>Adresa: Kneza Mihajla Obrenovi\u0107a 10 aPan\u010devo, 26000\u00a0 \u00a0 Kontakti:Mob:\u00a0+381 62 218 299Tel:\u00a0 \u00a0\u00a0+381 13 233 25 04Email:\u00a0office@al-sistem.com Please enable JavaScript in your browser to complete this form.Please enable JavaScript in your browser to complete this form.Va\u0161e Ime *Va\u0161a Email Adresa *Va\u0161a Poruka * Poslati<\/p>","protected":false},"author":1,"featured_media":0,"parent":0,"menu_order":0,"comment_status":"closed","ping_status":"closed","template":"elementor_header_footer","meta":{"site-sidebar-layout":"no-sidebar","site-content-layout":"page-builder","ast-site-content-layout":"default","site-content-style":"default","site-sidebar-style":"default","ast-global-header-display":"","ast-banner-title-visibility":"","ast-main-header-display":"","ast-hfb-above-header-display":"","ast-hfb-below-header-display":"","ast-hfb-mobile-header-display":"","site-post-title":"disabled","ast-breadcrumbs-content":"","ast-featured-img":"disabled","footer-sml-layout":"","ast-disable-related-posts":"","theme-transparent-header-meta":"","adv-header-id-meta":"","stick-header-meta":"","header-above-stick-meta":"","header-main-stick-meta":"","header-below-stick-meta":"","astra-migrate-meta-layouts":"set","ast-page-background-enabled":"default","ast-page-background-meta":{"desktop":{"background-color":"var(--ast-global-color-4)","background-image":"","background-repeat":"repeat","background-position":"center center","background-size":"auto","background-attachment":"scroll","background-type":"","background-media":"","overlay-type":"","overlay-color":"","overlay-opacity":"","overlay-gradient":""},"tablet":{"background-color":"","background-image":"","background-repeat":"repeat","background-position":"center center","background-size":"auto","background-attachment":"scroll","background-type":"","background-media":"","overlay-type":"","overlay-color":"","overlay-opacity":"","overlay-gradient":""},"mobile":{"background-color":"","background-image":"","background-repeat":"repeat","background-position":"center center","background-size":"auto","background-attachment":"scroll","background-type":"","background-media":"","overlay-type":"","overlay-color":"","overlay-opacity":"","overlay-gradient":""}},"ast-content-background-meta":{"desktop":{"background-color":"var(--ast-global-color-5)","background-image":"","background-repeat":"repeat","background-position":"center center","background-size":"auto","background-attachment":"scroll","background-type":"","background-media":"","overlay-type":"","overlay-color":"","overlay-opacity":"","overlay-gradient":""},"tablet":{"background-color":"var(--ast-global-color-5)","background-image":"","background-repeat":"repeat","background-position":"center center","background-size":"auto","background-attachment":"scroll","background-type":"","background-media":"","overlay-type":"","overlay-color":"","overlay-opacity":"","overlay-gradient":""},"mobile":{"background-color":"var(--ast-global-color-5)","background-image":"","background-repeat":"repeat","background-position":"center center","background-size":"auto","background-attachment":"scroll","background-type":"","background-media":"","overlay-type":"","overlay-color":"","overlay-opacity":"","overlay-gradient":""}},"footnotes":""},"class_list":["post-2402","page","type-page","status-publish","hentry"],"aioseo_notices":[],"_links":{"self":[{"href":"http:\/\/www.al-sistem.com\/en\/wp-json\/wp\/v2\/pages\/2402","targetHints":{"allow":["GET"]}}],"collection":[{"href":"http:\/\/www.al-sistem.com\/en\/wp-json\/wp\/v2\/pages"}],"about":[{"href":"http:\/\/www.al-sistem.com\/en\/wp-json\/wp\/v2\/types\/page"}],"author":[{"embeddable":true,"href":"http:\/\/www.al-sistem.com\/en\/wp-json\/wp\/v2\/users\/1"}],"replies":[{"embeddable":true,"href":"http:\/\/www.al-sistem.com\/en\/wp-json\/wp\/v2\/comments?post=2402"}],"version-history":[{"count":179,"href":"http:\/\/www.al-sistem.com\/en\/wp-json\/wp\/v2\/pages\/2402\/revisions"}],"predecessor-version":[{"id":4845,"href":"http:\/\/www.al-sistem.com\/en\/wp-json\/wp\/v2\/pages\/2402\/revisions\/4845"}],"wp:attachment":[{"href":"http:\/\/www.al-sistem.com\/en\/wp-json\/wp\/v2\/media?parent=2402"}],"curies":[{"name":"wp","href":"https:\/\/api.w.org\/{rel}","templated":true}]}}