{"id":967,"date":"2023-05-30T08:53:34","date_gmt":"2023-05-30T08:53:34","guid":{"rendered":"http:\/\/www.al-sistem.com\/?page_id=967"},"modified":"2023-09-20T07:51:09","modified_gmt":"2023-09-20T07:51:09","slug":"blok-43","status":"publish","type":"page","link":"https:\/\/www.al-sistem.com\/de\/blok-43\/","title":{"rendered":"Blok 43"},"content":{"rendered":"<div data-elementor-type=\"wp-page\" data-elementor-id=\"967\" class=\"elementor elementor-967\">\n\t\t\t\t<div class=\"elementor-element elementor-element-277cae7 e-con-full e-flex e-con e-parent\" data-id=\"277cae7\" data-element_type=\"container\" data-e-type=\"container\">\n\t\t<div class=\"elementor-element elementor-element-f952187 e-con-full e-flex e-con e-child\" data-id=\"f952187\" data-element_type=\"container\" data-e-type=\"container\" data-settings=\"{&quot;background_background&quot;:&quot;classic&quot;}\">\n\t\t\t\t<\/div>\n\t\t<div class=\"elementor-element elementor-element-a78564f e-con-full e-flex e-con e-child\" data-id=\"a78564f\" data-element_type=\"container\" data-e-type=\"container\">\n\t\t\t\t<div class=\"elementor-element elementor-element-5ad731c exad-sticky-section-no exad-glass-effect-no elementor-widget elementor-widget-heading\" data-id=\"5ad731c\" data-element_type=\"widget\" data-e-type=\"widget\" data-widget_type=\"heading.default\">\n\t\t\t\t<div class=\"elementor-widget-container\">\n\t\t\t\t\t<h2 class=\"elementor-heading-title elementor-size-default\">BLOK 43<\/h2>\t\t\t\t<\/div>\n\t\t\t\t<\/div>\n\t\t\t\t<div class=\"elementor-element elementor-element-4fca4ea exad-sticky-section-no exad-glass-effect-no elementor-widget elementor-widget-text-editor\" data-id=\"4fca4ea\" data-element_type=\"widget\" data-e-type=\"widget\" data-widget_type=\"text-editor.default\">\n\t\t\t\t<div class=\"elementor-widget-container\">\n\t\t\t\t\t\t\t\t\t<p><strong>Verwendungszweck:\u00a0 \u00a0<\/strong>Wohn- und Gesch\u00e4ftsgeb\u00e4ude<\/p>\t\t\t\t\t\t\t\t<\/div>\n\t\t\t\t<\/div>\n\t\t\t\t<div class=\"elementor-element elementor-element-cc9205a elementor-widget-divider--view-line exad-sticky-section-no exad-glass-effect-no elementor-widget elementor-widget-divider\" data-id=\"cc9205a\" data-element_type=\"widget\" data-e-type=\"widget\" data-widget_type=\"divider.default\">\n\t\t\t\t<div class=\"elementor-widget-container\">\n\t\t\t\t\t\t\t<div class=\"elementor-divider\">\n\t\t\t<span class=\"elementor-divider-separator\">\n\t\t\t\t\t\t<\/span>\n\t\t<\/div>\n\t\t\t\t\t\t<\/div>\n\t\t\t\t<\/div>\n\t\t\t\t<div class=\"elementor-element elementor-element-795178e exad-sticky-section-no exad-glass-effect-no elementor-widget elementor-widget-text-editor\" data-id=\"795178e\" data-element_type=\"widget\" data-e-type=\"widget\" data-widget_type=\"text-editor.default\">\n\t\t\t\t<div class=\"elementor-widget-container\">\n\t\t\t\t\t\t\t\t\t<p><strong>Ort:\u00a0 \u00a0<\/strong>Belgrad, Serbien<\/p>\t\t\t\t\t\t\t\t<\/div>\n\t\t\t\t<\/div>\n\t\t\t\t<div class=\"elementor-element elementor-element-d4fe27f elementor-widget-divider--view-line exad-sticky-section-no exad-glass-effect-no elementor-widget elementor-widget-divider\" data-id=\"d4fe27f\" data-element_type=\"widget\" data-e-type=\"widget\" data-widget_type=\"divider.default\">\n\t\t\t\t<div class=\"elementor-widget-container\">\n\t\t\t\t\t\t\t<div class=\"elementor-divider\">\n\t\t\t<span class=\"elementor-divider-separator\">\n\t\t\t\t\t\t<\/span>\n\t\t<\/div>\n\t\t\t\t\t\t<\/div>\n\t\t\t\t<\/div>\n\t\t\t\t<div class=\"elementor-element elementor-element-8ddf209 exad-sticky-section-no exad-glass-effect-no elementor-widget elementor-widget-text-editor\" data-id=\"8ddf209\" data-element_type=\"widget\" data-e-type=\"widget\" data-widget_type=\"text-editor.default\">\n\t\t\t\t<div class=\"elementor-widget-container\">\n\t\t\t\t\t\t\t\t\t<p><strong>Jahr:\u00a0 \u00a0<\/strong>2019 &#8211; 2021<\/p>\t\t\t\t\t\t\t\t<\/div>\n\t\t\t\t<\/div>\n\t\t\t\t<div class=\"elementor-element elementor-element-487afa8 elementor-widget-divider--view-line exad-sticky-section-no exad-glass-effect-no elementor-widget elementor-widget-divider\" data-id=\"487afa8\" data-element_type=\"widget\" data-e-type=\"widget\" data-widget_type=\"divider.default\">\n\t\t\t\t<div class=\"elementor-widget-container\">\n\t\t\t\t\t\t\t<div class=\"elementor-divider\">\n\t\t\t<span class=\"elementor-divider-separator\">\n\t\t\t\t\t\t<\/span>\n\t\t<\/div>\n\t\t\t\t\t\t<\/div>\n\t\t\t\t<\/div>\n\t\t\t\t<div class=\"elementor-element elementor-element-b989594 exad-sticky-section-no exad-glass-effect-no elementor-widget elementor-widget-text-editor\" data-id=\"b989594\" data-element_type=\"widget\" data-e-type=\"widget\" data-widget_type=\"text-editor.default\">\n\t\t\t\t<div class=\"elementor-widget-container\">\n\t\t\t\t\t\t\t\t\t<p><strong>Investor:\u00a0 \u00a0<\/strong>BAUWELT d.o.o<\/p>\t\t\t\t\t\t\t\t<\/div>\n\t\t\t\t<\/div>\n\t\t\t\t<div class=\"elementor-element elementor-element-11460e4 elementor-widget-divider--view-line exad-sticky-section-no exad-glass-effect-no elementor-widget elementor-widget-divider\" data-id=\"11460e4\" data-element_type=\"widget\" data-e-type=\"widget\" data-widget_type=\"divider.default\">\n\t\t\t\t<div class=\"elementor-widget-container\">\n\t\t\t\t\t\t\t<div class=\"elementor-divider\">\n\t\t\t<span class=\"elementor-divider-separator\">\n\t\t\t\t\t\t<\/span>\n\t\t<\/div>\n\t\t\t\t\t\t<\/div>\n\t\t\t\t<\/div>\n\t\t\t\t<div class=\"elementor-element elementor-element-03e0201 exad-sticky-section-no exad-glass-effect-no elementor-widget elementor-widget-text-editor\" data-id=\"03e0201\" data-element_type=\"widget\" data-e-type=\"widget\" data-widget_type=\"text-editor.default\">\n\t\t\t\t<div class=\"elementor-widget-container\">\n\t\t\t\t\t\t\t\t\t<p><strong>Hauptauftragnehmer:\u00a0 \u00a0<\/strong>PENTA GE CO d.o.o.<\/p>\t\t\t\t\t\t\t\t<\/div>\n\t\t\t\t<\/div>\n\t\t\t\t<div class=\"elementor-element elementor-element-0582ef5 elementor-widget-divider--view-line exad-sticky-section-no exad-glass-effect-no elementor-widget elementor-widget-divider\" data-id=\"0582ef5\" data-element_type=\"widget\" data-e-type=\"widget\" data-widget_type=\"divider.default\">\n\t\t\t\t<div class=\"elementor-widget-container\">\n\t\t\t\t\t\t\t<div class=\"elementor-divider\">\n\t\t\t<span class=\"elementor-divider-separator\">\n\t\t\t\t\t\t<\/span>\n\t\t<\/div>\n\t\t\t\t\t\t<\/div>\n\t\t\t\t<\/div>\n\t\t\t\t<\/div>\n\t\t\t\t<\/div>\n\t\t<div class=\"elementor-element elementor-element-c2e61d2 e-con-full e-flex e-con e-parent\" data-id=\"c2e61d2\" data-element_type=\"container\" data-e-type=\"container\">\n\t\t<div class=\"elementor-element elementor-element-268ea17 e-con-full e-flex e-con e-child\" data-id=\"268ea17\" data-element_type=\"container\" data-e-type=\"container\">\n\t\t\t\t<div class=\"elementor-element elementor-element-b0b50b5 exad-sticky-section-no exad-glass-effect-no elementor-widget elementor-widget-heading\" data-id=\"b0b50b5\" data-element_type=\"widget\" data-e-type=\"widget\" data-widget_type=\"heading.default\">\n\t\t\t\t<div class=\"elementor-widget-container\">\n\t\t\t\t\t<h2 class=\"elementor-heading-title elementor-size-default\">Ein imposantes Geb\u00e4ude mit modernem Design, das Novi Beograd und den Bulevar Milutina Milankovi\u0107a schm\u00fcckt.<\/h2>\t\t\t\t<\/div>\n\t\t\t\t<\/div>\n\t\t\t\t<div class=\"elementor-element elementor-element-fa42837 exad-sticky-section-no exad-glass-effect-no elementor-widget elementor-widget-heading\" data-id=\"fa42837\" data-element_type=\"widget\" data-e-type=\"widget\" data-widget_type=\"heading.default\">\n\t\t\t\t<div class=\"elementor-widget-container\">\n\t\t\t\t\t<h2 class=\"elementor-heading-title elementor-size-default\">Das Geb\u00e4ude erstreckt sich \u00fcber eine Baufl\u00e4che von 14.143 m2 und verf\u00fcgt \u00fcber 55 Wohneinheiten.<\/h2>\t\t\t\t<\/div>\n\t\t\t\t<\/div>\n\t\t\t\t<\/div>\n\t\t<div class=\"elementor-element elementor-element-52292c7 e-con-full e-flex e-con e-child\" data-id=\"52292c7\" data-element_type=\"container\" data-e-type=\"container\">\n\t\t\t\t<div class=\"elementor-element elementor-element-18a1c87 exad-sticky-section-no exad-glass-effect-no elementor-widget elementor-widget-image\" data-id=\"18a1c87\" data-element_type=\"widget\" data-e-type=\"widget\" data-widget_type=\"image.default\">\n\t\t\t\t<div class=\"elementor-widget-container\">\n\t\t\t\t\t\t\t\t\t\t\t\t\t\t\t<img fetchpriority=\"high\" decoding=\"async\" width=\"2560\" height=\"1707\" src=\"http:\/\/www.al-sistem.com\/wp-content\/uploads\/2023\/05\/stranicni-sistem-staklene-ograde-crea-point-gt50-square-43-beograd-007-scaled.jpg\" class=\"attachment-full size-full wp-image-973\" alt=\"\" srcset=\"http:\/\/www.al-sistem.com\/wp-content\/uploads\/2023\/05\/stranicni-sistem-staklene-ograde-crea-point-gt50-square-43-beograd-007-scaled.jpg 2560w, http:\/\/www.al-sistem.com\/wp-content\/uploads\/2023\/05\/stranicni-sistem-staklene-ograde-crea-point-gt50-square-43-beograd-007-300x200.jpg 300w, http:\/\/www.al-sistem.com\/wp-content\/uploads\/2023\/05\/stranicni-sistem-staklene-ograde-crea-point-gt50-square-43-beograd-007-1024x683.jpg 1024w, http:\/\/www.al-sistem.com\/wp-content\/uploads\/2023\/05\/stranicni-sistem-staklene-ograde-crea-point-gt50-square-43-beograd-007-768x512.jpg 768w, http:\/\/www.al-sistem.com\/wp-content\/uploads\/2023\/05\/stranicni-sistem-staklene-ograde-crea-point-gt50-square-43-beograd-007-1536x1024.jpg 1536w, http:\/\/www.al-sistem.com\/wp-content\/uploads\/2023\/05\/stranicni-sistem-staklene-ograde-crea-point-gt50-square-43-beograd-007-2048x1365.jpg 2048w, http:\/\/www.al-sistem.com\/wp-content\/uploads\/2023\/05\/stranicni-sistem-staklene-ograde-crea-point-gt50-square-43-beograd-007-24x16.jpg 24w, http:\/\/www.al-sistem.com\/wp-content\/uploads\/2023\/05\/stranicni-sistem-staklene-ograde-crea-point-gt50-square-43-beograd-007-36x24.jpg 36w, http:\/\/www.al-sistem.com\/wp-content\/uploads\/2023\/05\/stranicni-sistem-staklene-ograde-crea-point-gt50-square-43-beograd-007-48x32.jpg 48w\" sizes=\"(max-width: 2560px) 100vw, 2560px\" \/>\t\t\t\t\t\t\t\t\t\t\t\t\t\t\t<\/div>\n\t\t\t\t<\/div>\n\t\t\t\t<\/div>\n\t\t\t\t<\/div>\n\t\t<div class=\"elementor-element elementor-element-8455d9f e-con-full e-flex e-con e-parent\" data-id=\"8455d9f\" data-element_type=\"container\" data-e-type=\"container\">\n\t\t<div class=\"elementor-element elementor-element-e659033 e-con-full e-flex e-con e-child\" data-id=\"e659033\" data-element_type=\"container\" data-e-type=\"container\" data-settings=\"{&quot;background_background&quot;:&quot;classic&quot;}\">\n\t\t\t\t<div class=\"elementor-element elementor-element-8678b64 exad-sticky-section-no exad-glass-effect-no elementor-widget elementor-widget-image\" data-id=\"8678b64\" data-element_type=\"widget\" data-e-type=\"widget\" data-widget_type=\"image.default\">\n\t\t\t\t<div class=\"elementor-widget-container\">\n\t\t\t\t\t\t\t\t\t\t\t\t\t\t\t<img decoding=\"async\" width=\"2560\" height=\"1707\" src=\"http:\/\/www.al-sistem.com\/wp-content\/uploads\/2023\/05\/nasadni-sistem-staklene-ograde-crealine-gg-1005-i-stranicni-sistem-crea-point-gt50-square-43-beograd-001-scaled.jpg\" class=\"attachment-full size-full wp-image-924\" alt=\"\" srcset=\"http:\/\/www.al-sistem.com\/wp-content\/uploads\/2023\/05\/nasadni-sistem-staklene-ograde-crealine-gg-1005-i-stranicni-sistem-crea-point-gt50-square-43-beograd-001-scaled.jpg 2560w, http:\/\/www.al-sistem.com\/wp-content\/uploads\/2023\/05\/nasadni-sistem-staklene-ograde-crealine-gg-1005-i-stranicni-sistem-crea-point-gt50-square-43-beograd-001-300x200.jpg 300w, http:\/\/www.al-sistem.com\/wp-content\/uploads\/2023\/05\/nasadni-sistem-staklene-ograde-crealine-gg-1005-i-stranicni-sistem-crea-point-gt50-square-43-beograd-001-1024x683.jpg 1024w, http:\/\/www.al-sistem.com\/wp-content\/uploads\/2023\/05\/nasadni-sistem-staklene-ograde-crealine-gg-1005-i-stranicni-sistem-crea-point-gt50-square-43-beograd-001-768x512.jpg 768w, http:\/\/www.al-sistem.com\/wp-content\/uploads\/2023\/05\/nasadni-sistem-staklene-ograde-crealine-gg-1005-i-stranicni-sistem-crea-point-gt50-square-43-beograd-001-1536x1024.jpg 1536w, http:\/\/www.al-sistem.com\/wp-content\/uploads\/2023\/05\/nasadni-sistem-staklene-ograde-crealine-gg-1005-i-stranicni-sistem-crea-point-gt50-square-43-beograd-001-2048x1365.jpg 2048w, http:\/\/www.al-sistem.com\/wp-content\/uploads\/2023\/05\/nasadni-sistem-staklene-ograde-crealine-gg-1005-i-stranicni-sistem-crea-point-gt50-square-43-beograd-001-24x16.jpg 24w, http:\/\/www.al-sistem.com\/wp-content\/uploads\/2023\/05\/nasadni-sistem-staklene-ograde-crealine-gg-1005-i-stranicni-sistem-crea-point-gt50-square-43-beograd-001-36x24.jpg 36w, http:\/\/www.al-sistem.com\/wp-content\/uploads\/2023\/05\/nasadni-sistem-staklene-ograde-crealine-gg-1005-i-stranicni-sistem-crea-point-gt50-square-43-beograd-001-48x32.jpg 48w\" sizes=\"(max-width: 2560px) 100vw, 2560px\" \/>\t\t\t\t\t\t\t\t\t\t\t\t\t\t\t<\/div>\n\t\t\t\t<\/div>\n\t\t\t\t<\/div>\n\t\t<div class=\"elementor-element elementor-element-4eeaec5 e-con-full e-flex e-con e-child\" data-id=\"4eeaec5\" data-element_type=\"container\" data-e-type=\"container\">\n\t\t\t\t<div class=\"elementor-element elementor-element-de2df75 exad-sticky-section-no exad-glass-effect-no elementor-widget elementor-widget-image\" data-id=\"de2df75\" data-element_type=\"widget\" data-e-type=\"widget\" data-widget_type=\"image.default\">\n\t\t\t\t<div class=\"elementor-widget-container\">\n\t\t\t\t\t\t\t\t\t\t\t\t\t\t\t<img decoding=\"async\" width=\"2560\" height=\"1707\" src=\"http:\/\/www.al-sistem.com\/wp-content\/uploads\/2023\/05\/stranicni-sistem-staklene-ograde-crea-point-gt50-square-43-beograd-001-scaled.jpg\" class=\"attachment-full size-full wp-image-975\" alt=\"\" srcset=\"http:\/\/www.al-sistem.com\/wp-content\/uploads\/2023\/05\/stranicni-sistem-staklene-ograde-crea-point-gt50-square-43-beograd-001-scaled.jpg 2560w, http:\/\/www.al-sistem.com\/wp-content\/uploads\/2023\/05\/stranicni-sistem-staklene-ograde-crea-point-gt50-square-43-beograd-001-300x200.jpg 300w, http:\/\/www.al-sistem.com\/wp-content\/uploads\/2023\/05\/stranicni-sistem-staklene-ograde-crea-point-gt50-square-43-beograd-001-1024x683.jpg 1024w, http:\/\/www.al-sistem.com\/wp-content\/uploads\/2023\/05\/stranicni-sistem-staklene-ograde-crea-point-gt50-square-43-beograd-001-768x512.jpg 768w, http:\/\/www.al-sistem.com\/wp-content\/uploads\/2023\/05\/stranicni-sistem-staklene-ograde-crea-point-gt50-square-43-beograd-001-1536x1024.jpg 1536w, http:\/\/www.al-sistem.com\/wp-content\/uploads\/2023\/05\/stranicni-sistem-staklene-ograde-crea-point-gt50-square-43-beograd-001-2048x1365.jpg 2048w, http:\/\/www.al-sistem.com\/wp-content\/uploads\/2023\/05\/stranicni-sistem-staklene-ograde-crea-point-gt50-square-43-beograd-001-24x16.jpg 24w, http:\/\/www.al-sistem.com\/wp-content\/uploads\/2023\/05\/stranicni-sistem-staklene-ograde-crea-point-gt50-square-43-beograd-001-36x24.jpg 36w, http:\/\/www.al-sistem.com\/wp-content\/uploads\/2023\/05\/stranicni-sistem-staklene-ograde-crea-point-gt50-square-43-beograd-001-48x32.jpg 48w\" sizes=\"(max-width: 2560px) 100vw, 2560px\" \/>\t\t\t\t\t\t\t\t\t\t\t\t\t\t\t<\/div>\n\t\t\t\t<\/div>\n\t\t\t\t<\/div>\n\t\t\t\t<\/div>\n\t\t<div class=\"elementor-element elementor-element-60be780 e-con-full e-flex e-con e-parent\" data-id=\"60be780\" data-element_type=\"container\" data-e-type=\"container\">\n\t\t<div class=\"elementor-element elementor-element-5e5fb70 e-con-full e-flex e-con e-child\" data-id=\"5e5fb70\" data-element_type=\"container\" data-e-type=\"container\">\n\t\t\t\t<div class=\"elementor-element elementor-element-8abbbda exad-sticky-section-no exad-glass-effect-no elementor-widget elementor-widget-heading\" data-id=\"8abbbda\" data-element_type=\"widget\" data-e-type=\"widget\" data-widget_type=\"heading.default\">\n\t\t\t\t<div class=\"elementor-widget-container\">\n\t\t\t\t\t<h2 class=\"elementor-heading-title elementor-size-default\">F\u00fcr den Gesch\u00e4ftsraum, der sich vollst\u00e4ndig zum Bulevar Milutina Milankovi\u0107a hin \u00f6ffnet, stehen 2.534 m2 zur Verf\u00fcgung. Das Projekt wurde vom Architekturb\u00fcro \"Zap\" aus Belgrad durchgef\u00fchrt.<\/h2>\t\t\t\t<\/div>\n\t\t\t\t<\/div>\n\t\t\t\t<\/div>\n\t\t<div class=\"elementor-element elementor-element-0ab7ec6 e-con-full e-flex e-con e-child\" data-id=\"0ab7ec6\" data-element_type=\"container\" data-e-type=\"container\">\n\t\t\t\t<div class=\"elementor-element elementor-element-dcf4e2c exad-sticky-section-no exad-glass-effect-no elementor-widget elementor-widget-image\" data-id=\"dcf4e2c\" data-element_type=\"widget\" data-e-type=\"widget\" data-widget_type=\"image.default\">\n\t\t\t\t<div class=\"elementor-widget-container\">\n\t\t\t\t\t\t\t\t\t\t\t\t\t\t\t<img loading=\"lazy\" decoding=\"async\" width=\"2560\" height=\"1707\" src=\"http:\/\/www.al-sistem.com\/wp-content\/uploads\/2023\/05\/nasadni-sistem-staklene-ograde-crealine-gg-1005-square-43-beograd-001-scaled.jpg\" class=\"attachment-full size-full wp-image-974\" alt=\"\" srcset=\"http:\/\/www.al-sistem.com\/wp-content\/uploads\/2023\/05\/nasadni-sistem-staklene-ograde-crealine-gg-1005-square-43-beograd-001-scaled.jpg 2560w, http:\/\/www.al-sistem.com\/wp-content\/uploads\/2023\/05\/nasadni-sistem-staklene-ograde-crealine-gg-1005-square-43-beograd-001-300x200.jpg 300w, http:\/\/www.al-sistem.com\/wp-content\/uploads\/2023\/05\/nasadni-sistem-staklene-ograde-crealine-gg-1005-square-43-beograd-001-1024x683.jpg 1024w, http:\/\/www.al-sistem.com\/wp-content\/uploads\/2023\/05\/nasadni-sistem-staklene-ograde-crealine-gg-1005-square-43-beograd-001-768x512.jpg 768w, http:\/\/www.al-sistem.com\/wp-content\/uploads\/2023\/05\/nasadni-sistem-staklene-ograde-crealine-gg-1005-square-43-beograd-001-1536x1024.jpg 1536w, http:\/\/www.al-sistem.com\/wp-content\/uploads\/2023\/05\/nasadni-sistem-staklene-ograde-crealine-gg-1005-square-43-beograd-001-2048x1365.jpg 2048w, http:\/\/www.al-sistem.com\/wp-content\/uploads\/2023\/05\/nasadni-sistem-staklene-ograde-crealine-gg-1005-square-43-beograd-001-24x16.jpg 24w, http:\/\/www.al-sistem.com\/wp-content\/uploads\/2023\/05\/nasadni-sistem-staklene-ograde-crealine-gg-1005-square-43-beograd-001-36x24.jpg 36w, http:\/\/www.al-sistem.com\/wp-content\/uploads\/2023\/05\/nasadni-sistem-staklene-ograde-crealine-gg-1005-square-43-beograd-001-48x32.jpg 48w\" sizes=\"(max-width: 2560px) 100vw, 2560px\" \/>\t\t\t\t\t\t\t\t\t\t\t\t\t\t\t<\/div>\n\t\t\t\t<\/div>\n\t\t\t\t<\/div>\n\t\t\t\t<\/div>\n\t\t<div class=\"elementor-element elementor-element-73bc0f7 e-con-full e-flex e-con e-parent\" data-id=\"73bc0f7\" data-element_type=\"container\" data-e-type=\"container\">\n\t\t<div class=\"elementor-element elementor-element-55651d4 e-con-full e-flex e-con e-child\" data-id=\"55651d4\" data-element_type=\"container\" data-e-type=\"container\">\n\t\t\t\t<div class=\"elementor-element elementor-element-313f7b3 elementor-align-left elementor-mobile-align-center exad-sticky-section-no exad-glass-effect-no elementor-widget elementor-widget-button\" data-id=\"313f7b3\" data-element_type=\"widget\" data-e-type=\"widget\" data-widget_type=\"button.default\">\n\t\t\t\t<div class=\"elementor-widget-container\">\n\t\t\t\t\t\t\t\t\t<div class=\"elementor-button-wrapper\">\n\t\t\t\t\t<a class=\"elementor-button elementor-button-link elementor-size-sm\" href=\"http:\/\/www.al-sistem.com\/de\/projekti\/plot-18\/\">\n\t\t\t\t\t\t<span class=\"elementor-button-content-wrapper\">\n\t\t\t\t\t\t<span class=\"elementor-button-icon\">\n\t\t\t\t<svg aria-hidden=\"true\" class=\"e-font-icon-svg e-fas-arrow-left\" viewbox=\"0 0 448 512\" xmlns=\"http:\/\/www.w3.org\/2000\/svg\"><path d=\"M257.5 445.1l-22.2 22.2c-9.4 9.4-24.6 9.4-33.9 0L7 273c-9.4-9.4-9.4-24.6 0-33.9L201.4 44.7c9.4-9.4 24.6-9.4 33.9 0l22.2 22.2c9.5 9.5 9.3 25-.4 34.3L136.6 216H424c13.3 0 24 10.7 24 24v32c0 13.3-10.7 24-24 24H136.6l120.5 114.8c9.8 9.3 10 24.8.4 34.3z\"><\/path><\/svg>\t\t\t<\/span>\n\t\t\t\t\t\t\t\t\t<span class=\"elementor-button-text\">Vorheriges<\/span>\n\t\t\t\t\t<\/span>\n\t\t\t\t\t<\/a>\n\t\t\t\t<\/div>\n\t\t\t\t\t\t\t\t<\/div>\n\t\t\t\t<\/div>\n\t\t\t\t<\/div>\n\t\t<div class=\"elementor-element elementor-element-c0d6b1c e-con-full elementor-hidden-mobile e-flex e-con e-child\" data-id=\"c0d6b1c\" data-element_type=\"container\" data-e-type=\"container\">\n\t\t\t\t<\/div>\n\t\t<div class=\"elementor-element elementor-element-fe3602d e-con-full elementor-hidden-mobile e-flex e-con e-child\" data-id=\"fe3602d\" data-element_type=\"container\" data-e-type=\"container\">\n\t\t\t\t<\/div>\n\t\t<div class=\"elementor-element elementor-element-bb1c2d0 e-con-full e-flex e-con e-child\" data-id=\"bb1c2d0\" data-element_type=\"container\" data-e-type=\"container\">\n\t\t\t\t<div class=\"elementor-element elementor-element-3898253 elementor-align-right elementor-mobile-align-center exad-sticky-section-no exad-glass-effect-no elementor-widget elementor-widget-button\" data-id=\"3898253\" data-element_type=\"widget\" data-e-type=\"widget\" data-widget_type=\"button.default\">\n\t\t\t\t<div class=\"elementor-widget-container\">\n\t\t\t\t\t\t\t\t\t<div class=\"elementor-button-wrapper\">\n\t\t\t\t\t<a class=\"elementor-button elementor-button-link elementor-size-sm\" href=\"http:\/\/www.al-sistem.com\/de\/projekti\/british-international-school\/\">\n\t\t\t\t\t\t<span class=\"elementor-button-content-wrapper\">\n\t\t\t\t\t\t<span class=\"elementor-button-icon\">\n\t\t\t\t<svg aria-hidden=\"true\" class=\"e-font-icon-svg e-fas-arrow-right\" viewbox=\"0 0 448 512\" xmlns=\"http:\/\/www.w3.org\/2000\/svg\"><path d=\"M190.5 66.9l22.2-22.2c9.4-9.4 24.6-9.4 33.9 0L441 239c9.4 9.4 9.4 24.6 0 33.9L246.6 467.3c-9.4 9.4-24.6 9.4-33.9 0l-22.2-22.2c-9.5-9.5-9.3-25 .4-34.3L311.4 296H24c-13.3 0-24-10.7-24-24v-32c0-13.3 10.7-24 24-24h287.4L190.9 101.2c-9.8-9.3-10-24.8-.4-34.3z\"><\/path><\/svg>\t\t\t<\/span>\n\t\t\t\t\t\t\t\t\t<span class=\"elementor-button-text\">N\u00e4chstes<\/span>\n\t\t\t\t\t<\/span>\n\t\t\t\t\t<\/a>\n\t\t\t\t<\/div>\n\t\t\t\t\t\t\t\t<\/div>\n\t\t\t\t<\/div>\n\t\t\t\t<\/div>\n\t\t\t\t<\/div>\n\t\t\t\t<\/div>","protected":false},"excerpt":{"rendered":"<p>BLOK 43 Namena:\u00a0 \u00a0Stambeno-Poslovni Lokacija:\u00a0 \u00a0Beograd, Srbija Godina:\u00a0 \u00a02019 &#8211; 2021 Investitor:\u00a0 \u00a0BAUWELT d.o.o Generalni izvo\u0111a\u010d:\u00a0 \u00a0PENTA GE CO d.o.o. Impozantna zgrada modernog izgleda koja krasi Novi Beograd i Bulevar Milutina Milankovi\u0107a. Objekat zauzima gra\u0111evinsku povr\u0161inu od 14.143 m2 i ima 55 stambenih jedinica. Za poslovni prostor, koji celim svojim delom izlazi na Bulevar Milutina [&hellip;]<\/p>\n","protected":false},"author":1,"featured_media":0,"parent":0,"menu_order":0,"comment_status":"closed","ping_status":"closed","template":"elementor_header_footer","meta":{"site-sidebar-layout":"no-sidebar","site-content-layout":"page-builder","ast-site-content-layout":"default","site-content-style":"default","site-sidebar-style":"default","ast-global-header-display":"","ast-banner-title-visibility":"","ast-main-header-display":"","ast-hfb-above-header-display":"","ast-hfb-below-header-display":"","ast-hfb-mobile-header-display":"","site-post-title":"disabled","ast-breadcrumbs-content":"","ast-featured-img":"disabled","footer-sml-layout":"","ast-disable-related-posts":"","theme-transparent-header-meta":"","adv-header-id-meta":"","stick-header-meta":"","header-above-stick-meta":"","header-main-stick-meta":"","header-below-stick-meta":"","astra-migrate-meta-layouts":"default","ast-page-background-enabled":"default","ast-page-background-meta":{"desktop":{"background-color":"var(--ast-global-color-4)","background-image":"","background-repeat":"repeat","background-position":"center center","background-size":"auto","background-attachment":"scroll","background-type":"","background-media":"","overlay-type":"","overlay-color":"","overlay-opacity":"","overlay-gradient":""},"tablet":{"background-color":"","background-image":"","background-repeat":"repeat","background-position":"center center","background-size":"auto","background-attachment":"scroll","background-type":"","background-media":"","overlay-type":"","overlay-color":"","overlay-opacity":"","overlay-gradient":""},"mobile":{"background-color":"","background-image":"","background-repeat":"repeat","background-position":"center center","background-size":"auto","background-attachment":"scroll","background-type":"","background-media":"","overlay-type":"","overlay-color":"","overlay-opacity":"","overlay-gradient":""}},"ast-content-background-meta":{"desktop":{"background-color":"var(--ast-global-color-5)","background-image":"","background-repeat":"repeat","background-position":"center center","background-size":"auto","background-attachment":"scroll","background-type":"","background-media":"","overlay-type":"","overlay-color":"","overlay-opacity":"","overlay-gradient":""},"tablet":{"background-color":"var(--ast-global-color-5)","background-image":"","background-repeat":"repeat","background-position":"center center","background-size":"auto","background-attachment":"scroll","background-type":"","background-media":"","overlay-type":"","overlay-color":"","overlay-opacity":"","overlay-gradient":""},"mobile":{"background-color":"var(--ast-global-color-5)","background-image":"","background-repeat":"repeat","background-position":"center center","background-size":"auto","background-attachment":"scroll","background-type":"","background-media":"","overlay-type":"","overlay-color":"","overlay-opacity":"","overlay-gradient":""}},"footnotes":""},"class_list":["post-967","page","type-page","status-publish","hentry"],"aioseo_notices":[],"_links":{"self":[{"href":"https:\/\/www.al-sistem.com\/de\/wp-json\/wp\/v2\/pages\/967","targetHints":{"allow":["GET"]}}],"collection":[{"href":"https:\/\/www.al-sistem.com\/de\/wp-json\/wp\/v2\/pages"}],"about":[{"href":"https:\/\/www.al-sistem.com\/de\/wp-json\/wp\/v2\/types\/page"}],"author":[{"embeddable":true,"href":"https:\/\/www.al-sistem.com\/de\/wp-json\/wp\/v2\/users\/1"}],"replies":[{"embeddable":true,"href":"https:\/\/www.al-sistem.com\/de\/wp-json\/wp\/v2\/comments?post=967"}],"version-history":[{"count":241,"href":"https:\/\/www.al-sistem.com\/de\/wp-json\/wp\/v2\/pages\/967\/revisions"}],"predecessor-version":[{"id":4989,"href":"https:\/\/www.al-sistem.com\/de\/wp-json\/wp\/v2\/pages\/967\/revisions\/4989"}],"wp:attachment":[{"href":"https:\/\/www.al-sistem.com\/de\/wp-json\/wp\/v2\/media?parent=967"}],"curies":[{"name":"wp","href":"https:\/\/api.w.org\/{rel}","templated":true}]}}