{"id":1838,"date":"2023-08-09T14:23:23","date_gmt":"2023-08-09T14:23:23","guid":{"rendered":"http:\/\/www.al-sistem.com\/?page_id=1838"},"modified":"2023-09-19T09:31:15","modified_gmt":"2023-09-19T09:31:15","slug":"hotel-tonanti","status":"publish","type":"page","link":"https:\/\/www.al-sistem.com\/en\/hotel-tonanti\/","title":{"rendered":"Hotel Tonanti"},"content":{"rendered":"<div data-elementor-type=\"wp-page\" data-elementor-id=\"1838\" class=\"elementor elementor-1838\">\n\t\t\t\t<div class=\"elementor-element elementor-element-277cae7 e-con-full e-flex e-con e-parent\" data-id=\"277cae7\" data-element_type=\"container\" data-e-type=\"container\">\n\t\t<div class=\"elementor-element elementor-element-f952187 e-con-full e-flex e-con e-child\" data-id=\"f952187\" data-element_type=\"container\" data-e-type=\"container\" data-settings=\"{&quot;background_background&quot;:&quot;classic&quot;}\">\n\t\t\t\t<\/div>\n\t\t<div class=\"elementor-element elementor-element-a78564f e-con-full e-flex e-con e-child\" data-id=\"a78564f\" data-element_type=\"container\" data-e-type=\"container\">\n\t\t\t\t<div class=\"elementor-element elementor-element-5ad731c exad-sticky-section-no exad-glass-effect-no elementor-widget elementor-widget-heading\" data-id=\"5ad731c\" data-element_type=\"widget\" data-e-type=\"widget\" data-widget_type=\"heading.default\">\n\t\t\t\t<div class=\"elementor-widget-container\">\n\t\t\t\t\t<h2 class=\"elementor-heading-title elementor-size-default\">HOTEL TONANTI<\/h2>\t\t\t\t<\/div>\n\t\t\t\t<\/div>\n\t\t\t\t<div class=\"elementor-element elementor-element-4fca4ea exad-sticky-section-no exad-glass-effect-no elementor-widget elementor-widget-text-editor\" data-id=\"4fca4ea\" data-element_type=\"widget\" data-e-type=\"widget\" data-widget_type=\"text-editor.default\">\n\t\t\t\t<div class=\"elementor-widget-container\">\n\t\t\t\t\t\t\t\t\t<p><strong>Purpose:\u00a0 \u00a0<\/strong>Hotel<\/p>\t\t\t\t\t\t\t\t<\/div>\n\t\t\t\t<\/div>\n\t\t\t\t<div class=\"elementor-element elementor-element-cc9205a elementor-widget-divider--view-line exad-sticky-section-no exad-glass-effect-no elementor-widget elementor-widget-divider\" data-id=\"cc9205a\" data-element_type=\"widget\" data-e-type=\"widget\" data-widget_type=\"divider.default\">\n\t\t\t\t<div class=\"elementor-widget-container\">\n\t\t\t\t\t\t\t<div class=\"elementor-divider\">\n\t\t\t<span class=\"elementor-divider-separator\">\n\t\t\t\t\t\t<\/span>\n\t\t<\/div>\n\t\t\t\t\t\t<\/div>\n\t\t\t\t<\/div>\n\t\t\t\t<div class=\"elementor-element elementor-element-795178e exad-sticky-section-no exad-glass-effect-no elementor-widget elementor-widget-text-editor\" data-id=\"795178e\" data-element_type=\"widget\" data-e-type=\"widget\" data-widget_type=\"text-editor.default\">\n\t\t\t\t<div class=\"elementor-widget-container\">\n\t\t\t\t\t\t\t\t\t<p><strong>Location:\u00a0 \u00a0<\/strong>Vrnja\u010dka Banja, Serbia<\/p>\t\t\t\t\t\t\t\t<\/div>\n\t\t\t\t<\/div>\n\t\t\t\t<div class=\"elementor-element elementor-element-d4fe27f elementor-widget-divider--view-line exad-sticky-section-no exad-glass-effect-no elementor-widget elementor-widget-divider\" data-id=\"d4fe27f\" data-element_type=\"widget\" data-e-type=\"widget\" data-widget_type=\"divider.default\">\n\t\t\t\t<div class=\"elementor-widget-container\">\n\t\t\t\t\t\t\t<div class=\"elementor-divider\">\n\t\t\t<span class=\"elementor-divider-separator\">\n\t\t\t\t\t\t<\/span>\n\t\t<\/div>\n\t\t\t\t\t\t<\/div>\n\t\t\t\t<\/div>\n\t\t\t\t<div class=\"elementor-element elementor-element-8ddf209 exad-sticky-section-no exad-glass-effect-no elementor-widget elementor-widget-text-editor\" data-id=\"8ddf209\" data-element_type=\"widget\" data-e-type=\"widget\" data-widget_type=\"text-editor.default\">\n\t\t\t\t<div class=\"elementor-widget-container\">\n\t\t\t\t\t\t\t\t\t<p><strong>Year:\u00a0 \u00a0<\/strong>2017 &#8211; 2019<\/p>\t\t\t\t\t\t\t\t<\/div>\n\t\t\t\t<\/div>\n\t\t\t\t<div class=\"elementor-element elementor-element-487afa8 elementor-widget-divider--view-line exad-sticky-section-no exad-glass-effect-no elementor-widget elementor-widget-divider\" data-id=\"487afa8\" data-element_type=\"widget\" data-e-type=\"widget\" data-widget_type=\"divider.default\">\n\t\t\t\t<div class=\"elementor-widget-container\">\n\t\t\t\t\t\t\t<div class=\"elementor-divider\">\n\t\t\t<span class=\"elementor-divider-separator\">\n\t\t\t\t\t\t<\/span>\n\t\t<\/div>\n\t\t\t\t\t\t<\/div>\n\t\t\t\t<\/div>\n\t\t\t\t<div class=\"elementor-element elementor-element-b989594 exad-sticky-section-no exad-glass-effect-no elementor-widget elementor-widget-text-editor\" data-id=\"b989594\" data-element_type=\"widget\" data-e-type=\"widget\" data-widget_type=\"text-editor.default\">\n\t\t\t\t<div class=\"elementor-widget-container\">\n\t\t\t\t\t\t\t\t\t<p><strong>Investor:\u00a0 \u00a0<\/strong>MPSS RESORT<\/p>\t\t\t\t\t\t\t\t<\/div>\n\t\t\t\t<\/div>\n\t\t\t\t<div class=\"elementor-element elementor-element-61a60f1 elementor-widget-divider--view-line exad-sticky-section-no exad-glass-effect-no elementor-widget elementor-widget-divider\" data-id=\"61a60f1\" data-element_type=\"widget\" data-e-type=\"widget\" data-widget_type=\"divider.default\">\n\t\t\t\t<div class=\"elementor-widget-container\">\n\t\t\t\t\t\t\t<div class=\"elementor-divider\">\n\t\t\t<span class=\"elementor-divider-separator\">\n\t\t\t\t\t\t<\/span>\n\t\t<\/div>\n\t\t\t\t\t\t<\/div>\n\t\t\t\t<\/div>\n\t\t\t\t<\/div>\n\t\t\t\t<\/div>\n\t\t<div class=\"elementor-element elementor-element-c2e61d2 e-con-full e-flex e-con e-parent\" data-id=\"c2e61d2\" data-element_type=\"container\" data-e-type=\"container\">\n\t\t<div class=\"elementor-element elementor-element-268ea17 e-con-full e-flex e-con e-child\" data-id=\"268ea17\" data-element_type=\"container\" data-e-type=\"container\">\n\t\t\t\t<div class=\"elementor-element elementor-element-b0b50b5 exad-sticky-section-no exad-glass-effect-no elementor-widget elementor-widget-heading\" data-id=\"b0b50b5\" data-element_type=\"widget\" data-e-type=\"widget\" data-widget_type=\"heading.default\">\n\t\t\t\t<div class=\"elementor-widget-container\">\n\t\t\t\t\t<h2 class=\"elementor-heading-title elementor-size-default\">For all people for whom vacation is also a kind of luxury, now they have the opportunity to enjoy the renovated ambience of the former hotel \"Slavija\" in Vrnja\u010dka Banja, which is now called - Hotel Tonanti<\/h2>\t\t\t\t<\/div>\n\t\t\t\t<\/div>\n\t\t\t\t<div class=\"elementor-element elementor-element-fa42837 exad-sticky-section-no exad-glass-effect-no elementor-widget elementor-widget-heading\" data-id=\"fa42837\" data-element_type=\"widget\" data-e-type=\"widget\" data-widget_type=\"heading.default\">\n\t\t\t\t<div class=\"elementor-widget-container\">\n\t\t\t\t\t<h2 class=\"elementor-heading-title elementor-size-default\">This hotel is the new seal of Vrnja\u010dka banja, and our company, as always, was a safe choice in terms of quality and efficiency.<\/h2>\t\t\t\t<\/div>\n\t\t\t\t<\/div>\n\t\t\t\t<\/div>\n\t\t<div class=\"elementor-element elementor-element-52292c7 e-con-full e-flex e-con e-child\" data-id=\"52292c7\" data-element_type=\"container\" data-e-type=\"container\">\n\t\t\t\t<div class=\"elementor-element elementor-element-18a1c87 exad-sticky-section-no exad-glass-effect-no elementor-widget elementor-widget-image\" data-id=\"18a1c87\" data-element_type=\"widget\" data-e-type=\"widget\" data-widget_type=\"image.default\">\n\t\t\t\t<div class=\"elementor-widget-container\">\n\t\t\t\t\t\t\t\t\t\t\t\t\t\t\t<img fetchpriority=\"high\" decoding=\"async\" width=\"2560\" height=\"1705\" src=\"http:\/\/www.al-sistem.com\/wp-content\/uploads\/2023\/08\/DJI_0736-scaled.jpg\" class=\"attachment-full size-full wp-image-1840\" alt=\"\" srcset=\"http:\/\/www.al-sistem.com\/wp-content\/uploads\/2023\/08\/DJI_0736-scaled.jpg 2560w, http:\/\/www.al-sistem.com\/wp-content\/uploads\/2023\/08\/DJI_0736-300x200.jpg 300w, http:\/\/www.al-sistem.com\/wp-content\/uploads\/2023\/08\/DJI_0736-1024x682.jpg 1024w, http:\/\/www.al-sistem.com\/wp-content\/uploads\/2023\/08\/DJI_0736-768x512.jpg 768w, http:\/\/www.al-sistem.com\/wp-content\/uploads\/2023\/08\/DJI_0736-1536x1023.jpg 1536w, http:\/\/www.al-sistem.com\/wp-content\/uploads\/2023\/08\/DJI_0736-2048x1364.jpg 2048w, http:\/\/www.al-sistem.com\/wp-content\/uploads\/2023\/08\/DJI_0736-24x16.jpg 24w, http:\/\/www.al-sistem.com\/wp-content\/uploads\/2023\/08\/DJI_0736-36x24.jpg 36w, http:\/\/www.al-sistem.com\/wp-content\/uploads\/2023\/08\/DJI_0736-48x32.jpg 48w\" sizes=\"(max-width: 2560px) 100vw, 2560px\" \/>\t\t\t\t\t\t\t\t\t\t\t\t\t\t\t<\/div>\n\t\t\t\t<\/div>\n\t\t\t\t<\/div>\n\t\t\t\t<\/div>\n\t\t<div class=\"elementor-element elementor-element-60be780 e-con-full e-flex e-con e-parent\" data-id=\"60be780\" data-element_type=\"container\" data-e-type=\"container\">\n\t\t<div class=\"elementor-element elementor-element-5e5fb70 e-con-full e-flex e-con e-child\" data-id=\"5e5fb70\" data-element_type=\"container\" data-e-type=\"container\" data-settings=\"{&quot;background_background&quot;:&quot;classic&quot;}\">\n\t\t\t\t<div class=\"elementor-element elementor-element-2909679 exad-sticky-section-no exad-glass-effect-no elementor-widget elementor-widget-image\" data-id=\"2909679\" data-element_type=\"widget\" data-e-type=\"widget\" data-widget_type=\"image.default\">\n\t\t\t\t<div class=\"elementor-widget-container\">\n\t\t\t\t\t\t\t\t\t\t\t\t\t\t\t<img decoding=\"async\" width=\"2560\" height=\"1705\" src=\"http:\/\/www.al-sistem.com\/wp-content\/uploads\/2023\/08\/DJI_0845-scaled.jpg\" class=\"attachment-full size-full wp-image-1845\" alt=\"\" srcset=\"http:\/\/www.al-sistem.com\/wp-content\/uploads\/2023\/08\/DJI_0845-scaled.jpg 2560w, http:\/\/www.al-sistem.com\/wp-content\/uploads\/2023\/08\/DJI_0845-300x200.jpg 300w, http:\/\/www.al-sistem.com\/wp-content\/uploads\/2023\/08\/DJI_0845-1024x682.jpg 1024w, http:\/\/www.al-sistem.com\/wp-content\/uploads\/2023\/08\/DJI_0845-768x512.jpg 768w, http:\/\/www.al-sistem.com\/wp-content\/uploads\/2023\/08\/DJI_0845-1536x1023.jpg 1536w, http:\/\/www.al-sistem.com\/wp-content\/uploads\/2023\/08\/DJI_0845-2048x1364.jpg 2048w, http:\/\/www.al-sistem.com\/wp-content\/uploads\/2023\/08\/DJI_0845-24x16.jpg 24w, http:\/\/www.al-sistem.com\/wp-content\/uploads\/2023\/08\/DJI_0845-36x24.jpg 36w, http:\/\/www.al-sistem.com\/wp-content\/uploads\/2023\/08\/DJI_0845-48x32.jpg 48w\" sizes=\"(max-width: 2560px) 100vw, 2560px\" \/>\t\t\t\t\t\t\t\t\t\t\t\t\t\t\t<\/div>\n\t\t\t\t<\/div>\n\t\t\t\t<\/div>\n\t\t<div class=\"elementor-element elementor-element-0ab7ec6 e-con-full e-flex e-con e-child\" data-id=\"0ab7ec6\" data-element_type=\"container\" data-e-type=\"container\">\n\t\t\t\t<div class=\"elementor-element elementor-element-dcf4e2c exad-sticky-section-no exad-glass-effect-no elementor-widget elementor-widget-image\" data-id=\"dcf4e2c\" data-element_type=\"widget\" data-e-type=\"widget\" data-widget_type=\"image.default\">\n\t\t\t\t<div class=\"elementor-widget-container\">\n\t\t\t\t\t\t\t\t\t\t\t\t\t\t\t<img decoding=\"async\" width=\"2560\" height=\"1705\" src=\"http:\/\/www.al-sistem.com\/wp-content\/uploads\/2023\/08\/DJI_0786-scaled.jpg\" class=\"attachment-full size-full wp-image-1844\" alt=\"\" srcset=\"http:\/\/www.al-sistem.com\/wp-content\/uploads\/2023\/08\/DJI_0786-scaled.jpg 2560w, http:\/\/www.al-sistem.com\/wp-content\/uploads\/2023\/08\/DJI_0786-300x200.jpg 300w, http:\/\/www.al-sistem.com\/wp-content\/uploads\/2023\/08\/DJI_0786-1024x682.jpg 1024w, http:\/\/www.al-sistem.com\/wp-content\/uploads\/2023\/08\/DJI_0786-768x512.jpg 768w, http:\/\/www.al-sistem.com\/wp-content\/uploads\/2023\/08\/DJI_0786-1536x1023.jpg 1536w, http:\/\/www.al-sistem.com\/wp-content\/uploads\/2023\/08\/DJI_0786-2048x1364.jpg 2048w, http:\/\/www.al-sistem.com\/wp-content\/uploads\/2023\/08\/DJI_0786-24x16.jpg 24w, http:\/\/www.al-sistem.com\/wp-content\/uploads\/2023\/08\/DJI_0786-36x24.jpg 36w, http:\/\/www.al-sistem.com\/wp-content\/uploads\/2023\/08\/DJI_0786-48x32.jpg 48w\" sizes=\"(max-width: 2560px) 100vw, 2560px\" \/>\t\t\t\t\t\t\t\t\t\t\t\t\t\t\t<\/div>\n\t\t\t\t<\/div>\n\t\t\t\t<\/div>\n\t\t\t\t<\/div>\n\t\t<div class=\"elementor-element elementor-element-73bc0f7 e-con-full e-flex e-con e-parent\" data-id=\"73bc0f7\" data-element_type=\"container\" data-e-type=\"container\">\n\t\t<div class=\"elementor-element elementor-element-55651d4 e-con-full e-flex e-con e-child\" data-id=\"55651d4\" data-element_type=\"container\" data-e-type=\"container\">\n\t\t\t\t<div class=\"elementor-element elementor-element-313f7b3 elementor-align-left elementor-mobile-align-center exad-sticky-section-no exad-glass-effect-no elementor-widget elementor-widget-button\" data-id=\"313f7b3\" data-element_type=\"widget\" data-e-type=\"widget\" data-widget_type=\"button.default\">\n\t\t\t\t<div class=\"elementor-widget-container\">\n\t\t\t\t\t\t\t\t\t<div class=\"elementor-button-wrapper\">\n\t\t\t\t\t<a class=\"elementor-button elementor-button-link elementor-size-sm\" href=\"http:\/\/www.al-sistem.com\/en\/projekti\/british-international-school\/\">\n\t\t\t\t\t\t<span class=\"elementor-button-content-wrapper\">\n\t\t\t\t\t\t<span class=\"elementor-button-icon\">\n\t\t\t\t<svg aria-hidden=\"true\" class=\"e-font-icon-svg e-fas-arrow-left\" viewbox=\"0 0 448 512\" xmlns=\"http:\/\/www.w3.org\/2000\/svg\"><path d=\"M257.5 445.1l-22.2 22.2c-9.4 9.4-24.6 9.4-33.9 0L7 273c-9.4-9.4-9.4-24.6 0-33.9L201.4 44.7c9.4-9.4 24.6-9.4 33.9 0l22.2 22.2c9.5 9.5 9.3 25-.4 34.3L136.6 216H424c13.3 0 24 10.7 24 24v32c0 13.3-10.7 24-24 24H136.6l120.5 114.8c9.8 9.3 10 24.8.4 34.3z\"><\/path><\/svg>\t\t\t<\/span>\n\t\t\t\t\t\t\t\t\t<span class=\"elementor-button-text\">Previous<\/span>\n\t\t\t\t\t<\/span>\n\t\t\t\t\t<\/a>\n\t\t\t\t<\/div>\n\t\t\t\t\t\t\t\t<\/div>\n\t\t\t\t<\/div>\n\t\t\t\t<\/div>\n\t\t<div class=\"elementor-element elementor-element-c0d6b1c e-con-full elementor-hidden-mobile e-flex e-con e-child\" data-id=\"c0d6b1c\" data-element_type=\"container\" data-e-type=\"container\">\n\t\t\t\t<\/div>\n\t\t<div class=\"elementor-element elementor-element-fe3602d e-con-full elementor-hidden-mobile e-flex e-con e-child\" data-id=\"fe3602d\" data-element_type=\"container\" data-e-type=\"container\">\n\t\t\t\t<\/div>\n\t\t<div class=\"elementor-element elementor-element-bb1c2d0 e-con-full e-flex e-con e-child\" data-id=\"bb1c2d0\" data-element_type=\"container\" data-e-type=\"container\">\n\t\t\t\t<div class=\"elementor-element elementor-element-3898253 elementor-align-right elementor-mobile-align-center exad-sticky-section-no exad-glass-effect-no elementor-widget elementor-widget-button\" data-id=\"3898253\" data-element_type=\"widget\" data-e-type=\"widget\" data-widget_type=\"button.default\">\n\t\t\t\t<div class=\"elementor-widget-container\">\n\t\t\t\t\t\t\t\t\t<div class=\"elementor-button-wrapper\">\n\t\t\t\t\t<a class=\"elementor-button elementor-button-link elementor-size-sm\" href=\"http:\/\/www.al-sistem.com\/en\/projekti\/ikea\/\">\n\t\t\t\t\t\t<span class=\"elementor-button-content-wrapper\">\n\t\t\t\t\t\t<span class=\"elementor-button-icon\">\n\t\t\t\t<svg aria-hidden=\"true\" class=\"e-font-icon-svg e-fas-arrow-right\" viewbox=\"0 0 448 512\" xmlns=\"http:\/\/www.w3.org\/2000\/svg\"><path d=\"M190.5 66.9l22.2-22.2c9.4-9.4 24.6-9.4 33.9 0L441 239c9.4 9.4 9.4 24.6 0 33.9L246.6 467.3c-9.4 9.4-24.6 9.4-33.9 0l-22.2-22.2c-9.5-9.5-9.3-25 .4-34.3L311.4 296H24c-13.3 0-24-10.7-24-24v-32c0-13.3 10.7-24 24-24h287.4L190.9 101.2c-9.8-9.3-10-24.8-.4-34.3z\"><\/path><\/svg>\t\t\t<\/span>\n\t\t\t\t\t\t\t\t\t<span class=\"elementor-button-text\">Next<\/span>\n\t\t\t\t\t<\/span>\n\t\t\t\t\t<\/a>\n\t\t\t\t<\/div>\n\t\t\t\t\t\t\t\t<\/div>\n\t\t\t\t<\/div>\n\t\t\t\t<\/div>\n\t\t\t\t<\/div>\n\t\t\t\t<\/div>","protected":false},"excerpt":{"rendered":"<p>HOTEL TONANTI Namena:\u00a0 \u00a0Hotel Lokacija:\u00a0 \u00a0Vrnja\u010dka Banja, Srbija Godina:\u00a0 \u00a02017 &#8211; 2019 Investitor:\u00a0 \u00a0MPSS RESORT Za sve ljude kojima odmor predstavlja i svojevrsni luksuz, sada imaju priliku da u\u017eivaju u renoviranom ambijentu nekada\u0161njeg hotela ,,Slavija&#8221; u Vrnja\u010dkoj banji koji se sada zove &#8211; Hotel Tonanti Ovaj hotel je novi pe\u010dat Vrnja\u010dke banje, a na\u0161a firma [&hellip;]<\/p>\n","protected":false},"author":1,"featured_media":0,"parent":0,"menu_order":0,"comment_status":"closed","ping_status":"closed","template":"elementor_header_footer","meta":{"site-sidebar-layout":"no-sidebar","site-content-layout":"page-builder","ast-site-content-layout":"default","site-content-style":"default","site-sidebar-style":"default","ast-global-header-display":"","ast-banner-title-visibility":"","ast-main-header-display":"","ast-hfb-above-header-display":"","ast-hfb-below-header-display":"","ast-hfb-mobile-header-display":"","site-post-title":"disabled","ast-breadcrumbs-content":"","ast-featured-img":"disabled","footer-sml-layout":"","ast-disable-related-posts":"","theme-transparent-header-meta":"","adv-header-id-meta":"","stick-header-meta":"","header-above-stick-meta":"","header-main-stick-meta":"","header-below-stick-meta":"","astra-migrate-meta-layouts":"default","ast-page-background-enabled":"default","ast-page-background-meta":{"desktop":{"background-color":"var(--ast-global-color-4)","background-image":"","background-repeat":"repeat","background-position":"center center","background-size":"auto","background-attachment":"scroll","background-type":"","background-media":"","overlay-type":"","overlay-color":"","overlay-opacity":"","overlay-gradient":""},"tablet":{"background-color":"","background-image":"","background-repeat":"repeat","background-position":"center center","background-size":"auto","background-attachment":"scroll","background-type":"","background-media":"","overlay-type":"","overlay-color":"","overlay-opacity":"","overlay-gradient":""},"mobile":{"background-color":"","background-image":"","background-repeat":"repeat","background-position":"center center","background-size":"auto","background-attachment":"scroll","background-type":"","background-media":"","overlay-type":"","overlay-color":"","overlay-opacity":"","overlay-gradient":""}},"ast-content-background-meta":{"desktop":{"background-color":"var(--ast-global-color-5)","background-image":"","background-repeat":"repeat","background-position":"center center","background-size":"auto","background-attachment":"scroll","background-type":"","background-media":"","overlay-type":"","overlay-color":"","overlay-opacity":"","overlay-gradient":""},"tablet":{"background-color":"var(--ast-global-color-5)","background-image":"","background-repeat":"repeat","background-position":"center center","background-size":"auto","background-attachment":"scroll","background-type":"","background-media":"","overlay-type":"","overlay-color":"","overlay-opacity":"","overlay-gradient":""},"mobile":{"background-color":"var(--ast-global-color-5)","background-image":"","background-repeat":"repeat","background-position":"center center","background-size":"auto","background-attachment":"scroll","background-type":"","background-media":"","overlay-type":"","overlay-color":"","overlay-opacity":"","overlay-gradient":""}},"footnotes":""},"class_list":["post-1838","page","type-page","status-publish","hentry"],"aioseo_notices":[],"_links":{"self":[{"href":"https:\/\/www.al-sistem.com\/en\/wp-json\/wp\/v2\/pages\/1838","targetHints":{"allow":["GET"]}}],"collection":[{"href":"https:\/\/www.al-sistem.com\/en\/wp-json\/wp\/v2\/pages"}],"about":[{"href":"https:\/\/www.al-sistem.com\/en\/wp-json\/wp\/v2\/types\/page"}],"author":[{"embeddable":true,"href":"https:\/\/www.al-sistem.com\/en\/wp-json\/wp\/v2\/users\/1"}],"replies":[{"embeddable":true,"href":"https:\/\/www.al-sistem.com\/en\/wp-json\/wp\/v2\/comments?post=1838"}],"version-history":[{"count":133,"href":"https:\/\/www.al-sistem.com\/en\/wp-json\/wp\/v2\/pages\/1838\/revisions"}],"predecessor-version":[{"id":4953,"href":"https:\/\/www.al-sistem.com\/en\/wp-json\/wp\/v2\/pages\/1838\/revisions\/4953"}],"wp:attachment":[{"href":"https:\/\/www.al-sistem.com\/en\/wp-json\/wp\/v2\/media?parent=1838"}],"curies":[{"name":"wp","href":"https:\/\/api.w.org\/{rel}","templated":true}]}}